{"id":4182,"date":"2022-04-29T02:57:41","date_gmt":"2022-04-29T02:57:41","guid":{"rendered":"https:\/\/alpesetlac.ch\/kontakt\/"},"modified":"2025-05-13T12:31:09","modified_gmt":"2025-05-13T12:31:09","slug":"kontakt","status":"publish","type":"page","link":"https:\/\/alpesetlac.ch\/de\/kontakt\/","title":{"rendered":"Kontakt"},"content":{"rendered":"\t\t<div data-elementor-type=\"wp-page\" data-elementor-id=\"4182\" class=\"elementor elementor-4182 elementor-82\">\n\t\t\t\t\t\t\t\t\t<section class=\"elementor-section elementor-top-section elementor-element elementor-element-2aa2b1c elementor-section-full_width elementor-section-height-default elementor-section-height-default\" data-id=\"2aa2b1c\" data-element_type=\"section\">\n\t\t\t\t\t\t<div class=\"elementor-container elementor-column-gap-no\">\n\t\t\t\t\t<div class=\"elementor-column elementor-col-100 elementor-top-column elementor-element elementor-element-534d472\" data-id=\"534d472\" data-element_type=\"column\">\n\t\t\t<div class=\"elementor-widget-wrap elementor-element-populated\">\n\t\t\t\t\t\t\t\t<div class=\"elementor-element elementor-element-875afdf elementor-widget elementor-widget-image\" data-id=\"875afdf\" data-element_type=\"widget\" data-widget_type=\"image.default\">\n\t\t\t\t<div class=\"elementor-widget-container\">\n\t\t\t<style>\/*! elementor - v3.9.1 - 14-12-2022 *\/\n.elementor-widget-image{text-align:center}.elementor-widget-image a{display:inline-block}.elementor-widget-image a img[src$=\".svg\"]{width:48px}.elementor-widget-image img{vertical-align:middle;display:inline-block}<\/style>\t\t\t\t\t\t\t\t\t\t\t\t<img decoding=\"async\" width=\"1612\" height=\"596\" src=\"https:\/\/alpesetlac.ch\/wp-content\/uploads\/2023\/06\/AL-Banner-vue-lac.jpg\" class=\"attachment-full size-full wp-image-4526\" alt=\"\" loading=\"lazy\" srcset=\"https:\/\/alpesetlac.ch\/wp-content\/uploads\/2023\/06\/AL-Banner-vue-lac.jpg 1612w, https:\/\/alpesetlac.ch\/wp-content\/uploads\/2023\/06\/AL-Banner-vue-lac-300x111.jpg 300w, https:\/\/alpesetlac.ch\/wp-content\/uploads\/2023\/06\/AL-Banner-vue-lac-1024x379.jpg 1024w, https:\/\/alpesetlac.ch\/wp-content\/uploads\/2023\/06\/AL-Banner-vue-lac-768x284.jpg 768w, https:\/\/alpesetlac.ch\/wp-content\/uploads\/2023\/06\/AL-Banner-vue-lac-1536x568.jpg 1536w\" sizes=\"(max-width: 1612px) 100vw, 1612px\" \/>\t\t\t\t\t\t\t\t\t\t\t\t\t\t\t<\/div>\n\t\t\t\t<\/div>\n\t\t\t\t\t<\/div>\n\t\t<\/div>\n\t\t\t\t\t\t\t<\/div>\n\t\t<\/section>\n\t\t\t\t<section class=\"elementor-section elementor-top-section elementor-element elementor-element-fb25961 elementor-section-full_width elementor-section-height-default elementor-section-height-default\" data-id=\"fb25961\" data-element_type=\"section\">\n\t\t\t\t\t\t<div class=\"elementor-container elementor-column-gap-no\">\n\t\t\t\t\t<div class=\"elementor-column elementor-col-100 elementor-top-column elementor-element elementor-element-9394148\" data-id=\"9394148\" data-element_type=\"column\">\n\t\t\t<div class=\"elementor-widget-wrap elementor-element-populated\">\n\t\t\t\t\t\t\t\t<div class=\"elementor-element elementor-element-712735d elementor-align-left elementor-widget elementor-widget-pages-contact\" data-id=\"712735d\" data-element_type=\"widget\" data-widget_type=\"pages-contact.default\">\n\t\t\t\t<div class=\"elementor-widget-container\">\n\t\t\t\r\n\t\t<section class=\"contact section-padding\">\r\n\t\t\t<div class=\"container\">\r\n\t\t\t\t<div class=\"row mb-90\">\r\n\t\t\t\t\t<div class=\"col-md-6 mb-60\">\r\n\t\t\t\t\t\t\t\t\t\t\t\t<h3>Kontaktieren Sie uns<\/h3>\r\n\t\t\t\t\t\t\t\t\t\t\t\t\r\n\t\t\t\t\t\t\t\t\t\t\t\t<div class=\"reservations mb-30\">\r\n\t\t\t\t\t\t\t\t\t\t\t\t\t\t<div class=\"icon\"><span class=\"flaticon-call\"><\/span><\/div>\r\n\t\t\t\t\t\t\t\t\t\t\t\t\t\t\t\t\t\t\t\t\t<div class=\"text\">\r\n\t\t\t\t\t\t\t\t<p>Telefon<\/p> <a href=\"tel:+41327231919\">032 723 19 19<\/a>\t\t\t\t\t\t\t<\/div>\r\n\t\t\t\t\t\t\t\t\t\t\t\t\t<\/div>\r\n\t\t\t\t\t\t\t\t\t\t\t\t<div class=\"reservations mb-30\">\r\n\t\t\t\t\t\t\t\t\t\t\t\t\t\t<div class=\"icon\"><span class=\"flaticon-envelope\"><\/span><\/div>\r\n\t\t\t\t\t\t\t\t\t\t\t\t\t\t\t\t\t\t\t\t\t<div class=\"text\">\r\n\t\t\t\t\t\t\t\t<p>Email<\/p> <a href=\"mailto:hotel@alpesetlac.ch\">hotel@alpesetlac.ch<\/a>\t\t\t\t\t\t\t<\/div>\r\n\t\t\t\t\t\t\t\t\t\t\t\t\t<\/div>\r\n\t\t\t\t\t\t\t\t\t\t\t\t<div class=\"reservations mb-30\">\r\n\t\t\t\t\t\t\t\t\t\t\t\t\t\t<div class=\"icon\"><span class=\"flaticon-location-pin\"><\/span><\/div>\r\n\t\t\t\t\t\t\t\t\t\t\t\t\t\t\t\t\t\t\t\t\t<div class=\"text\">\r\n\t\t\t\t\t\t\t\t<p>Adresse<\/p> Place de la Gare 2 <br \/>2000 Neuch\u00e2tel\t\t\t\t\t\t\t<\/div>\r\n\t\t\t\t\t\t\t\t\t\t\t\t\t<\/div>\r\n\t\t\t\t\t\t\t\t\t\t\t\t\t\t\t\t\t\t<p><h3>Anreise:<\/h3>\n<strong>Mit dem Auto:<\/strong><br \/>\n\nDas Hotel verf\u00fcgt \u00fcber keine eigenen Parkpl\u00e4tze. W\u00e4hrend Ihres Aufenthalts k\u00f6nnen Sie Ihr Fahrzeug in den P+Rail-Parkh\u00e4usern des Bahnhofs zu einem bevorzugten Preis von CHF 10.00\/Tag parken. Lassen Sie einfach Ihr Parkticket an der Hotelrezeption vor Ihrer Abreise validieren. NB: Dieses Angebot gilt nur f\u00fcr G\u00e4ste, die im Hotel \u00fcbernachten. F\u00fcr Seminar-\/Bankett-\/Restaurantg\u00e4ste gelten andere Bedingungen (siehe unten).<br \/> <br \/>\n<ul>\n \t<li><strong style=\"text-align: start\"><a style=\"text-align: start\" href=\"https:\/\/alpesetlac.ch\/wp-content\/uploads\/2025\/05\/AL_Parkings_clients_hotel_DE_2025.pdf\" target=\"_blank\" rel=\"noopener\"><span class=\"ti_icon size-small corner-square icon-left icon-color-custom\"><i class=\"ti-angle-right\" style=\"color: #222;\"><\/i> <\/span>Herunterladen der Zugangskarte - Hotelg\u00e4ste<\/a><\/strong><\/li>\n<li><strong style=\"text-align: start\"><a style=\"text-align: start\" href=\"https:\/\/alpesetlac.ch\/wp-content\/uploads\/2025\/05\/AL_Parkings_seminaires_DE_2025.pdf\" target=\"_blank\" rel=\"noopener\"><span class=\"ti_icon size-small corner-square icon-left icon-color-custom\"><i class=\"ti-angle-right\" style=\"color: #222;\"><\/i> <\/span>Anfahrtsplan herunterladen - Seminar-\/Bankett-\/Restaurantg\u00e4ste<\/a><\/strong><\/li>\n<\/ul>\n\n<br \/>\n\n<strong>Mit dem Zug:<\/strong><br \/>\n\nDas Hotel befindet sich gegen\u00fcber dem Bahnhof Neuch\u00e2tel.<br \/><br \/>\n<strong>Besichtigungen und Transport:<\/strong><br \/>\n\nMit der Neuch\u00e2tel Tourist Card haben Sie kostenlosen Zugang zu Museen und \u00f6ffentlichen Verkehrsmitteln im Kanton (einschlie\u00dflich Schiff). <br \/> <br \/>\n<ul>\n \t<li><strong style=\"text-align: start\"><a style=\"text-align: start\" href=\"https:\/\/www.j3l.ch\/de\/Z10779\/neuenburg-tourist-card\" target=\"_blank\" rel=\"noopener\"><span class=\"ti_icon size-small corner-square icon-left icon-color-custom\"><i class=\"ti-angle-right\" style=\"color: #222;\"><\/i> <\/span>Website von Jura&amp;Trois-Lacs<\/a><\/strong><\/li>\n<\/ul><\/p>\r\n\t\t\t\t\t\t\t\t\t\t\t<\/div>\r\n\t\t\t\t\t<div class=\"col-md-5 mb-30 offset-md-1\">\r\n\t\t\t\t\t\t\t\t\t\t\t\t<h3>Kontaktformular<\/h3>\r\n\t\t\t\t\t\t\t\t\t\t\t\t\t\t\t\t\t\t\n<div class=\"wpcf7 no-js\" id=\"wpcf7-f4627-o1\" lang=\"en-US\" dir=\"ltr\">\n<div class=\"screen-reader-response\"><p role=\"status\" aria-live=\"polite\" aria-atomic=\"true\"><\/p> <ul><\/ul><\/div>\n<form action=\"\/de\/wp-json\/wp\/v2\/pages\/4182#wpcf7-f4627-o1\" method=\"post\" class=\"wpcf7-form init\" aria-label=\"Contact form\" novalidate=\"novalidate\" data-status=\"init\">\n<div style=\"display: none;\">\n<input type=\"hidden\" name=\"_wpcf7\" value=\"4627\" \/>\n<input type=\"hidden\" name=\"_wpcf7_version\" value=\"5.7.6\" \/>\n<input type=\"hidden\" name=\"_wpcf7_locale\" value=\"en_US\" \/>\n<input type=\"hidden\" name=\"_wpcf7_unit_tag\" value=\"wpcf7-f4627-o1\" \/>\n<input type=\"hidden\" name=\"_wpcf7_container_post\" value=\"0\" \/>\n<input type=\"hidden\" name=\"_wpcf7_posted_data_hash\" value=\"\" \/>\n<\/div>\n<form method=\"post\" class=\"contact__form\" action=\"mail.php\">\n    <!-- form message -->\n    <div class=\"row\">\n        <div class=\"col-12\">\n            <div class=\"alert alert-success contact__msg\" style=\"display: none\" role=\"alert\"> Ihre Nachricht wurde erfolgreich gesendet. <\/div>\n        <\/div>\n    <\/div>\n    <!-- form elements -->\n    <div class=\"row\">\n        <div class=\"col-md-6 form-group\">\n            <span class=\"wpcf7-form-control-wrap\" data-name=\"your-name\"><input size=\"40\" class=\"wpcf7-form-control wpcf7-text\" aria-invalid=\"false\" placeholder=\"Ihr Name *\" value=\"\" type=\"text\" name=\"your-name\" \/><\/span>\n        <\/div>\n        <div class=\"col-md-6 form-group\">\n            <span class=\"wpcf7-form-control-wrap\" data-name=\"your-email\"><input size=\"40\" class=\"wpcf7-form-control wpcf7-text wpcf7-email wpcf7-validates-as-required wpcf7-validates-as-email\" aria-required=\"true\" aria-invalid=\"false\" placeholder=\"Deine E-Mail *\" value=\"\" type=\"email\" name=\"your-email\" \/><\/span>\n        <\/div>\n        <div class=\"col-md-6 form-group\">\n            <span class=\"wpcf7-form-control-wrap\" data-name=\"your-phone\"><input size=\"40\" class=\"wpcf7-form-control wpcf7-text\" aria-invalid=\"false\" placeholder=\"Deine Nummer *\" value=\"\" type=\"text\" name=\"your-phone\" \/><\/span>\n        <\/div>\n        <div class=\"col-md-6 form-group\">\n            <span class=\"wpcf7-form-control-wrap\" data-name=\"your-subject\"><input size=\"40\" class=\"wpcf7-form-control wpcf7-text\" aria-invalid=\"false\" placeholder=\"Thema *\" value=\"\" type=\"text\" name=\"your-subject\" \/><\/span>\n        <\/div>\n        <div class=\"col-md-12 form-group\">\n            <span class=\"wpcf7-form-control-wrap\" data-name=\"your-message\"><textarea cols=\"40\" rows=\"10\" class=\"wpcf7-form-control wpcf7-textarea\" id=\"message\" aria-invalid=\"false\" name=\"your-message\">Nachricht *<\/textarea><\/span>\n        <\/div>\n        <div class=\"col-md-12\">\n            <input class=\"wpcf7-form-control has-spinner wpcf7-submit butn-dark\" type=\"submit\" value=\"Nachricht senden\" \/>\n        <\/div>\n    <\/div>\n<\/form><div class=\"wpcf7-response-output\" aria-hidden=\"true\"><\/div>\n<\/form>\n<\/div>\n\t\t\t\t\t\t\t\t\t\t\t<\/div>\r\n\t\t\t\t<\/div>\r\n\t\t\t\t<!-- Map Section -->\r\n\t\t\t\t\t\t\t\t<div class=\"row\">\r\n\t\t\t\t\t<div class=\"col-md-12 map animate-box\" data-animate-effect=\"fadeInUp\">\r\n\t\t\t\t\t\t<iframe src=\"https:\/\/www.google.com\/maps\/embed?pb=!1m18!1m12!1m3!1d2721.242513316224!2d6.933822315736131!3d46.996210979148984!2m3!1f0!2f0!3f0!3m2!1i1024!2i768!4f13.1!3m3!1m2!1s0x478e0a19b13c5669%3A0x9d53d7f32295578f!2sAlpes%20et%20Lac!5e0!3m2!1sfr!2sch!4v1676275305906!5m2!1sfr!2sch\" width=\"100%\" height=\"600\" style=\"border:0;\" allowfullscreen=\"\" loading=\"lazy\"><\/iframe>\r\n\t\t\t\t\t<\/div>\r\n\t\t\t\t<\/div>\r\n\t\t\t\t\t\t\t<\/div>\r\n\t\t<\/section>\r\n\t\t\r\n\r\n\t\t\t<\/div>\n\t\t\t\t<\/div>\n\t\t\t\t\t<\/div>\n\t\t<\/div>\n\t\t\t\t\t\t\t<\/div>\n\t\t<\/section>\n\t\t\t\t<section class=\"elementor-section elementor-top-section elementor-element elementor-element-889224c elementor-section-full_width elementor-section-height-default elementor-section-height-default\" data-id=\"889224c\" data-element_type=\"section\">\n\t\t\t\t\t\t<div class=\"elementor-container elementor-column-gap-no\">\n\t\t\t\t\t<div class=\"elementor-column elementor-col-100 elementor-top-column elementor-element elementor-element-54c226bc\" data-id=\"54c226bc\" data-element_type=\"column\">\n\t\t\t<div class=\"elementor-widget-wrap elementor-element-populated\">\n\t\t\t\t\t\t\t\t<div class=\"elementor-element elementor-element-50368f6f elementor-align-left elementor-widget elementor-widget-home-client\" data-id=\"50368f6f\" data-element_type=\"widget\" data-widget_type=\"home-client.default\">\n\t\t\t\t<div class=\"elementor-widget-container\">\n\t\t\t\r\n\t\t<section class=\"clients\">\r\n\t\t\t<h2 style=\"display: none!important;\">The Cappa<\/h2>\r\n\t\t\t<div class=\"container\">\r\n\t\t\t\t<div class=\"row\">\r\n\t\t\t\t\t<div class=\"col-md-7\">\r\n\t\t\t\t\t\t<br>\r\n\t\t\t\t\t\t\t\t\t\t\t<div class=\"section-title\">Unsere Einrichtungen in Neuch\u00e2tel<\/div>\r\n\t\t\t\t\t\t\t\t\t\t\t<\/div>\r\n\t\t\t\t\t<!-- owl-carousel owl-theme -->\r\n\t\t\t\t\t<div class=\"col-md-7 \">\r\n\t\t\t\t\t\t<div class=\"row\">\r\n\t\t\t\t\t\t\t\t\t\t\t\t\t<div class=\"clients-logo col-md-4\">\r\n\t\t\t\t\t\t\t\t<a href=\"#0\"><img decoding=\"async\" src=\"\" alt=\"\"><\/a>\r\n\t\t\t\t\t\t\t<\/div>\r\n\t\t\t\t\t\t\t\t\t\t\t<\/div>\r\n\t\t\t\t<\/div>\r\n\t\t\t\t<\/div>\r\n\t\t\t<\/div>\r\n\t\t<\/section>\r\n\r\n\t\t\t<\/div>\n\t\t\t\t<\/div>\n\t\t\t\t\t<\/div>\n\t\t<\/div>\n\t\t\t\t\t\t\t<\/div>\n\t\t<\/section>\n\t\t\t\t<section class=\"elementor-section elementor-top-section elementor-element elementor-element-582e2df1 elementor-section-boxed elementor-section-height-default elementor-section-height-default\" data-id=\"582e2df1\" data-element_type=\"section\">\n\t\t\t\t\t\t<div class=\"elementor-container elementor-column-gap-default\">\n\t\t\t\t\t<div class=\"elementor-column elementor-col-20 elementor-top-column elementor-element elementor-element-29aa5a4b\" data-id=\"29aa5a4b\" data-element_type=\"column\">\n\t\t\t<div class=\"elementor-widget-wrap elementor-element-populated\">\n\t\t\t\t\t\t\t\t<div class=\"elementor-element elementor-element-6ffc65ae elementor-widget elementor-widget-image\" data-id=\"6ffc65ae\" data-element_type=\"widget\" data-widget_type=\"image.default\">\n\t\t\t\t<div class=\"elementor-widget-container\">\n\t\t\t\t\t\t\t\t\t\t\t\t\t\t\t<img decoding=\"async\" width=\"400\" height=\"250\" src=\"https:\/\/alpesetlac.ch\/wp-content\/uploads\/2023\/06\/Logo_Arts.png\" class=\"attachment-large size-large wp-image-5649\" alt=\"\" loading=\"lazy\" srcset=\"https:\/\/alpesetlac.ch\/wp-content\/uploads\/2023\/06\/Logo_Arts.png 400w, https:\/\/alpesetlac.ch\/wp-content\/uploads\/2023\/06\/Logo_Arts-300x188.png 300w\" sizes=\"(max-width: 400px) 100vw, 400px\" \/>\t\t\t\t\t\t\t\t\t\t\t\t\t\t\t<\/div>\n\t\t\t\t<\/div>\n\t\t\t\t\t<\/div>\n\t\t<\/div>\n\t\t\t\t<div class=\"elementor-column elementor-col-20 elementor-top-column elementor-element elementor-element-7426b4fe\" data-id=\"7426b4fe\" data-element_type=\"column\">\n\t\t\t<div class=\"elementor-widget-wrap elementor-element-populated\">\n\t\t\t\t\t\t\t\t<div class=\"elementor-element elementor-element-16468db5 elementor-widget elementor-widget-image\" data-id=\"16468db5\" data-element_type=\"widget\" data-widget_type=\"image.default\">\n\t\t\t\t<div class=\"elementor-widget-container\">\n\t\t\t\t\t\t\t\t\t\t\t\t\t\t\t<img decoding=\"async\" width=\"400\" height=\"250\" src=\"https:\/\/alpesetlac.ch\/wp-content\/uploads\/2025\/03\/ArnoldCo_site_ref.jpg\" class=\"attachment-large size-large wp-image-7782\" alt=\"\" loading=\"lazy\" srcset=\"https:\/\/alpesetlac.ch\/wp-content\/uploads\/2025\/03\/ArnoldCo_site_ref.jpg 400w, https:\/\/alpesetlac.ch\/wp-content\/uploads\/2025\/03\/ArnoldCo_site_ref-300x188.jpg 300w\" sizes=\"(max-width: 400px) 100vw, 400px\" \/>\t\t\t\t\t\t\t\t\t\t\t\t\t\t\t<\/div>\n\t\t\t\t<\/div>\n\t\t\t\t\t<\/div>\n\t\t<\/div>\n\t\t\t\t<div class=\"elementor-column elementor-col-20 elementor-top-column elementor-element elementor-element-3370ab28\" data-id=\"3370ab28\" data-element_type=\"column\">\n\t\t\t<div class=\"elementor-widget-wrap elementor-element-populated\">\n\t\t\t\t\t\t\t\t<div class=\"elementor-element elementor-element-474c73cf elementor-widget elementor-widget-image\" data-id=\"474c73cf\" data-element_type=\"widget\" data-widget_type=\"image.default\">\n\t\t\t\t<div class=\"elementor-widget-container\">\n\t\t\t\t\t\t\t\t\t\t\t\t\t\t\t<img decoding=\"async\" width=\"400\" height=\"250\" src=\"https:\/\/alpesetlac.ch\/wp-content\/uploads\/2023\/06\/Logo_LaTerrasse.png\" class=\"attachment-large size-large wp-image-5655\" alt=\"\" loading=\"lazy\" srcset=\"https:\/\/alpesetlac.ch\/wp-content\/uploads\/2023\/06\/Logo_LaTerrasse.png 400w, https:\/\/alpesetlac.ch\/wp-content\/uploads\/2023\/06\/Logo_LaTerrasse-300x188.png 300w\" sizes=\"(max-width: 400px) 100vw, 400px\" \/>\t\t\t\t\t\t\t\t\t\t\t\t\t\t\t<\/div>\n\t\t\t\t<\/div>\n\t\t\t\t\t<\/div>\n\t\t<\/div>\n\t\t\t\t<div class=\"elementor-column elementor-col-20 elementor-top-column elementor-element elementor-element-40188d8f\" data-id=\"40188d8f\" data-element_type=\"column\">\n\t\t\t<div class=\"elementor-widget-wrap elementor-element-populated\">\n\t\t\t\t\t\t\t\t<div class=\"elementor-element elementor-element-66465b0b elementor-widget elementor-widget-image\" data-id=\"66465b0b\" data-element_type=\"widget\" data-widget_type=\"image.default\">\n\t\t\t\t<div class=\"elementor-widget-container\">\n\t\t\t\t\t\t\t\t\t\t\t\t\t\t\t<img decoding=\"async\" width=\"400\" height=\"250\" src=\"https:\/\/alpesetlac.ch\/wp-content\/uploads\/2023\/06\/Logo_BArt.png\" class=\"attachment-large size-large wp-image-5652\" alt=\"\" loading=\"lazy\" srcset=\"https:\/\/alpesetlac.ch\/wp-content\/uploads\/2023\/06\/Logo_BArt.png 400w, https:\/\/alpesetlac.ch\/wp-content\/uploads\/2023\/06\/Logo_BArt-300x188.png 300w\" sizes=\"(max-width: 400px) 100vw, 400px\" \/>\t\t\t\t\t\t\t\t\t\t\t\t\t\t\t<\/div>\n\t\t\t\t<\/div>\n\t\t\t\t\t<\/div>\n\t\t<\/div>\n\t\t\t\t<div class=\"elementor-column elementor-col-20 elementor-top-column elementor-element elementor-element-5558517b\" data-id=\"5558517b\" data-element_type=\"column\">\n\t\t\t<div class=\"elementor-widget-wrap elementor-element-populated\">\n\t\t\t\t\t\t\t\t<div class=\"elementor-element elementor-element-413b4c0d elementor-widget elementor-widget-image\" data-id=\"413b4c0d\" data-element_type=\"widget\" data-widget_type=\"image.default\">\n\t\t\t\t<div class=\"elementor-widget-container\">\n\t\t\t\t\t\t\t\t\t\t\t\t\t\t\t<img decoding=\"async\" width=\"400\" height=\"250\" src=\"https:\/\/alpesetlac.ch\/wp-content\/uploads\/2025\/03\/Logo_Swisstainable_site_v2.png\" class=\"attachment-large size-large wp-image-7857\" alt=\"\" loading=\"lazy\" srcset=\"https:\/\/alpesetlac.ch\/wp-content\/uploads\/2025\/03\/Logo_Swisstainable_site_v2.png 400w, https:\/\/alpesetlac.ch\/wp-content\/uploads\/2025\/03\/Logo_Swisstainable_site_v2-300x188.png 300w\" sizes=\"(max-width: 400px) 100vw, 400px\" \/>\t\t\t\t\t\t\t\t\t\t\t\t\t\t\t<\/div>\n\t\t\t\t<\/div>\n\t\t\t\t\t<\/div>\n\t\t<\/div>\n\t\t\t\t\t\t\t<\/div>\n\t\t<\/section>\n\t\t\t\t\t\t\t<\/div>\n\t\t","protected":false},"excerpt":{"rendered":"<p>Kontaktieren Sie uns Telefon 032 723 19 19 Email hotel@alpesetlac.ch Adresse Place de la Gare 2 2000 Neuch\u00e2tel Anreise: Mit dem Auto: Das Hotel verf\u00fcgt \u00fcber keine eigenen Parkpl\u00e4tze. W\u00e4hrend Ihres Aufenthalts k\u00f6nnen Sie Ihr Fahrzeug in den P+Rail-Parkh\u00e4usern des Bahnhofs zu einem bevorzugten Preis von CHF 10.00\/Tag parken. Lassen Sie einfach Ihr Parkticket an [&hellip;]<\/p>\n","protected":false},"author":1,"featured_media":0,"parent":0,"menu_order":0,"comment_status":"closed","ping_status":"closed","template":"page-templates\/home.php","meta":[],"acf":[],"_links":{"self":[{"href":"https:\/\/alpesetlac.ch\/de\/wp-json\/wp\/v2\/pages\/4182"}],"collection":[{"href":"https:\/\/alpesetlac.ch\/de\/wp-json\/wp\/v2\/pages"}],"about":[{"href":"https:\/\/alpesetlac.ch\/de\/wp-json\/wp\/v2\/types\/page"}],"author":[{"embeddable":true,"href":"https:\/\/alpesetlac.ch\/de\/wp-json\/wp\/v2\/users\/1"}],"replies":[{"embeddable":true,"href":"https:\/\/alpesetlac.ch\/de\/wp-json\/wp\/v2\/comments?post=4182"}],"version-history":[{"count":34,"href":"https:\/\/alpesetlac.ch\/de\/wp-json\/wp\/v2\/pages\/4182\/revisions"}],"predecessor-version":[{"id":8117,"href":"https:\/\/alpesetlac.ch\/de\/wp-json\/wp\/v2\/pages\/4182\/revisions\/8117"}],"wp:attachment":[{"href":"https:\/\/alpesetlac.ch\/de\/wp-json\/wp\/v2\/media?parent=4182"}],"curies":[{"name":"wp","href":"https:\/\/api.w.org\/{rel}","templated":true}]}}