{"id":4352,"date":"2023-02-13T13:36:14","date_gmt":"2023-02-13T13:36:14","guid":{"rendered":"https:\/\/alpesetlac.ch\/bankette\/"},"modified":"2026-01-05T14:02:30","modified_gmt":"2026-01-05T14:02:30","slug":"bankette","status":"publish","type":"page","link":"https:\/\/alpesetlac.ch\/de\/bankette\/","title":{"rendered":"Bankette"},"content":{"rendered":"\t\t<div data-elementor-type=\"wp-page\" data-elementor-id=\"4352\" class=\"elementor elementor-4352 elementor-2492\">\n\t\t\t\t\t\t\t\t\t<section class=\"elementor-section elementor-top-section elementor-element elementor-element-b30bb1c elementor-section-full_width elementor-section-height-default elementor-section-height-default\" data-id=\"b30bb1c\" data-element_type=\"section\">\n\t\t\t\t\t\t<div class=\"elementor-container elementor-column-gap-no\">\n\t\t\t\t\t<div class=\"elementor-column elementor-col-100 elementor-top-column elementor-element elementor-element-c4bca4c\" data-id=\"c4bca4c\" data-element_type=\"column\">\n\t\t\t<div class=\"elementor-widget-wrap elementor-element-populated\">\n\t\t\t\t\t\t\t\t<div class=\"elementor-element elementor-element-252c2e7 elementor-widget elementor-widget-image\" data-id=\"252c2e7\" data-element_type=\"widget\" data-widget_type=\"image.default\">\n\t\t\t\t<div class=\"elementor-widget-container\">\n\t\t\t<style>\/*! elementor - v3.9.1 - 14-12-2022 *\/\n.elementor-widget-image{text-align:center}.elementor-widget-image a{display:inline-block}.elementor-widget-image a img[src$=\".svg\"]{width:48px}.elementor-widget-image img{vertical-align:middle;display:inline-block}<\/style>\t\t\t\t\t\t\t\t\t\t\t\t<img decoding=\"async\" width=\"1612\" height=\"596\" src=\"https:\/\/alpesetlac.ch\/wp-content\/uploads\/2023\/06\/AL-Banner-banquets.jpg\" class=\"attachment-full size-full wp-image-4577\" alt=\"\" loading=\"lazy\" srcset=\"https:\/\/alpesetlac.ch\/wp-content\/uploads\/2023\/06\/AL-Banner-banquets.jpg 1612w, https:\/\/alpesetlac.ch\/wp-content\/uploads\/2023\/06\/AL-Banner-banquets-300x111.jpg 300w, https:\/\/alpesetlac.ch\/wp-content\/uploads\/2023\/06\/AL-Banner-banquets-1024x379.jpg 1024w, https:\/\/alpesetlac.ch\/wp-content\/uploads\/2023\/06\/AL-Banner-banquets-768x284.jpg 768w, https:\/\/alpesetlac.ch\/wp-content\/uploads\/2023\/06\/AL-Banner-banquets-1536x568.jpg 1536w\" sizes=\"(max-width: 1612px) 100vw, 1612px\" \/>\t\t\t\t\t\t\t\t\t\t\t\t\t\t\t<\/div>\n\t\t\t\t<\/div>\n\t\t\t\t\t<\/div>\n\t\t<\/div>\n\t\t\t\t\t\t\t<\/div>\n\t\t<\/section>\n\t\t\t\t<section class=\"elementor-section elementor-top-section elementor-element elementor-element-8ef1e0c section-padding-top elementor-section-boxed elementor-section-height-default elementor-section-height-default\" data-id=\"8ef1e0c\" data-element_type=\"section\">\n\t\t\t\t\t\t<div class=\"elementor-container elementor-column-gap-wider\">\n\t\t\t\t\t<div class=\"elementor-column elementor-col-66 elementor-top-column elementor-element elementor-element-753e6c7\" data-id=\"753e6c7\" data-element_type=\"column\">\n\t\t\t<div class=\"elementor-widget-wrap elementor-element-populated\">\n\t\t\t\t\t\t\t\t<div class=\"elementor-element elementor-element-47e39c2 elementor-widget elementor-widget-text-editor\" data-id=\"47e39c2\" data-element_type=\"widget\" data-widget_type=\"text-editor.default\">\n\t\t\t\t<div class=\"elementor-widget-container\">\n\t\t\t<style>\/*! elementor - v3.9.1 - 14-12-2022 *\/\n.elementor-widget-text-editor.elementor-drop-cap-view-stacked .elementor-drop-cap{background-color:#818a91;color:#fff}.elementor-widget-text-editor.elementor-drop-cap-view-framed .elementor-drop-cap{color:#818a91;border:3px solid;background-color:transparent}.elementor-widget-text-editor:not(.elementor-drop-cap-view-default) .elementor-drop-cap{margin-top:8px}.elementor-widget-text-editor:not(.elementor-drop-cap-view-default) .elementor-drop-cap-letter{width:1em;height:1em}.elementor-widget-text-editor .elementor-drop-cap{float:left;text-align:center;line-height:1;font-size:50px}.elementor-widget-text-editor .elementor-drop-cap-letter{display:inline-block}<\/style>\t\t\t\t<span><i class=\"star-rating\"><\/i>\n<i class=\"star-rating\"><\/i>\n<i class=\"star-rating\"><\/i>\n<\/span>\t\t\t\t\t\t<\/div>\n\t\t\t\t<\/div>\n\t\t\t\t<div class=\"elementor-element elementor-element-182ed78 section-subtitle elementor-widget elementor-widget-heading\" data-id=\"182ed78\" data-element_type=\"widget\" data-widget_type=\"heading.default\">\n\t\t\t\t<div class=\"elementor-widget-container\">\n\t\t\t<style>\/*! elementor - v3.9.1 - 14-12-2022 *\/\n.elementor-heading-title{padding:0;margin:0;line-height:1}.elementor-widget-heading .elementor-heading-title[class*=elementor-size-]>a{color:inherit;font-size:inherit;line-height:inherit}.elementor-widget-heading .elementor-heading-title.elementor-size-small{font-size:15px}.elementor-widget-heading .elementor-heading-title.elementor-size-medium{font-size:19px}.elementor-widget-heading .elementor-heading-title.elementor-size-large{font-size:29px}.elementor-widget-heading .elementor-heading-title.elementor-size-xl{font-size:39px}.elementor-widget-heading .elementor-heading-title.elementor-size-xxl{font-size:59px}<\/style><h2 class=\"elementor-heading-title elementor-size-default\">HOTEL ALPES ET LAC, NEUCH\u00c2TEL<\/h2>\t\t<\/div>\n\t\t\t\t<\/div>\n\t\t\t\t<div class=\"elementor-element elementor-element-5237c2d elementor-widget elementor-widget-heading\" data-id=\"5237c2d\" data-element_type=\"widget\" data-widget_type=\"heading.default\">\n\t\t\t\t<div class=\"elementor-widget-container\">\n\t\t\t<h2 class=\"elementor-heading-title elementor-size-default\">Bankette und Cocktails<\/h2>\t\t<\/div>\n\t\t\t\t<\/div>\n\t\t\t\t\t<\/div>\n\t\t<\/div>\n\t\t\t\t<div class=\"elementor-column elementor-col-33 elementor-top-column elementor-element elementor-element-4847e33\" data-id=\"4847e33\" data-element_type=\"column\">\n\t\t\t<div class=\"elementor-widget-wrap\">\n\t\t\t\t\t\t\t\t\t<\/div>\n\t\t<\/div>\n\t\t\t\t\t\t\t<\/div>\n\t\t<\/section>\n\t\t\t\t<section class=\"elementor-section elementor-top-section elementor-element elementor-element-ded05f2 section-padding-bottom elementor-section-boxed elementor-section-height-default elementor-section-height-default\" data-id=\"ded05f2\" data-element_type=\"section\">\n\t\t\t\t\t\t<div class=\"elementor-container elementor-column-gap-wider\">\n\t\t\t\t\t<div class=\"elementor-column elementor-col-66 elementor-top-column elementor-element elementor-element-2ad92ff\" data-id=\"2ad92ff\" data-element_type=\"column\">\n\t\t\t<div class=\"elementor-widget-wrap elementor-element-populated\">\n\t\t\t\t\t\t\t\t<div class=\"elementor-element elementor-element-cb81f09 elementor-widget elementor-widget-text-editor\" data-id=\"cb81f09\" data-element_type=\"widget\" data-widget_type=\"text-editor.default\">\n\t\t\t\t<div class=\"elementor-widget-container\">\n\t\t\t\t\t\t\t<p>Hochzeiten, Geburtstage, Gesch\u00e4ftstreffen, Firmenausfl\u00fcge und andere Anl\u00e4sse &#8211; lassen Sie sich von unseren speziellen Bankett- und Cocktailangeboten begeistern!<\/p><p>Je nach Bedarf k\u00f6nnen wir mit unseren flexiblen R\u00e4umen Gruppen von 10 bis 100 Personen empfangen. In der warmen Jahreszeit k\u00f6nnen Sie auch unsere Panoramaterrasse mit Blick auf den Neuenburgersee und die Alpen genie\u00dfen.<\/p><p>Unser K\u00fcchenchef Daniel Aires und sein Team bieten eine raffinierte K\u00fcche mit frischen und saisonalen Produkten, die den Gaumen Ihrer G\u00e4ste verw\u00f6hnen wird.<\/p><p>F\u00fcr G\u00e4ste, die nach der Veranstaltung vor Ort bleiben m\u00f6chten, stehen 46 moderne, komfortable und voll ausgestattete Zimmer zur Verf\u00fcgung.<\/p><ul><li style=\"list-style-type: none\"><ul><li><strong style=\"text-align: start;\"><a style=\"text-align: start;\" href=\"https:\/\/alpesetlac.ch\/wp-content\/uploads\/2026\/01\/AL_menus_banquets-seminaires_2026_DE.pdf\" target=\"_blank\" rel=\"noopener\"><span class=\"ti_icon size-small corner-square icon-left icon-color-custom\"><i class=\"ti-angle-right\" style=\"color: #222;\"><\/i> <\/span>Laden Sie unsere Bankettmen\u00fcvorschl\u00e4ge herunter<\/a><\/strong><\/li><\/ul><\/li><\/ul><p>\u00a0<\/p>\t\t\t\t\t\t<\/div>\n\t\t\t\t<\/div>\n\t\t\t\t<div class=\"elementor-element elementor-element-444eb3e elementor-widget elementor-widget-text-editor\" data-id=\"444eb3e\" data-element_type=\"widget\" data-widget_type=\"text-editor.default\">\n\t\t\t\t<div class=\"elementor-widget-container\">\n\t\t\t\t\t\t\t<h3>Kontakt und Reservierungen<\/h3><p>Wir stehen Ihnen gerne zur Verf\u00fcgung, um weitere Informationen zu erhalten oder ein ma\u00dfgeschneidertes Angebot f\u00fcr Ihre Veranstaltung zu erstellen.<\/p><h3>Senden Sie uns eine E-Mail an: <a style=\"color: #9c805c;\" href=\"mailto:admin@alpesetlac.ch\">admin@alpesetlac.ch<\/a><\/h3><h3>Zugang: <a style=\"color: #9c805c;\" href=\"https:\/\/alpesetlac.ch\/wp-content\/uploads\/2024\/05\/AL_Parkings_TERRASSE-SEMINAIRES_05-2024.pdf\" target=\"_blank\" rel=\"noopener\">Verkehrsplan und Parkpl\u00e4tze<\/a><\/h3>\t\t\t\t\t\t<\/div>\n\t\t\t\t<\/div>\n\t\t\t\t\t<\/div>\n\t\t<\/div>\n\t\t\t\t<div class=\"elementor-column elementor-col-33 elementor-top-column elementor-element elementor-element-c57e1b3\" data-id=\"c57e1b3\" data-element_type=\"column\">\n\t\t\t<div class=\"elementor-widget-wrap elementor-element-populated\">\n\t\t\t\t\t\t\t\t<div class=\"elementor-element elementor-element-82214b7 elementor-widget elementor-widget-image\" data-id=\"82214b7\" data-element_type=\"widget\" data-widget_type=\"image.default\">\n\t\t\t\t<div class=\"elementor-widget-container\">\n\t\t\t\t\t\t\t\t\t\t\t\t\t\t\t<img decoding=\"async\" width=\"768\" height=\"1024\" src=\"https:\/\/alpesetlac.ch\/wp-content\/uploads\/2023\/10\/Terrasse_Banquets_2-bis-768x1024.jpg\" class=\"attachment-large size-large wp-image-6538\" alt=\"\" loading=\"lazy\" srcset=\"https:\/\/alpesetlac.ch\/wp-content\/uploads\/2023\/10\/Terrasse_Banquets_2-bis-768x1024.jpg 768w, https:\/\/alpesetlac.ch\/wp-content\/uploads\/2023\/10\/Terrasse_Banquets_2-bis-225x300.jpg 225w, https:\/\/alpesetlac.ch\/wp-content\/uploads\/2023\/10\/Terrasse_Banquets_2-bis-1152x1536.jpg 1152w, https:\/\/alpesetlac.ch\/wp-content\/uploads\/2023\/10\/Terrasse_Banquets_2-bis.jpg 1500w\" sizes=\"(max-width: 768px) 100vw, 768px\" \/>\t\t\t\t\t\t\t\t\t\t\t\t\t\t\t<\/div>\n\t\t\t\t<\/div>\n\t\t\t\t\t<\/div>\n\t\t<\/div>\n\t\t\t\t\t\t\t<\/div>\n\t\t<\/section>\n\t\t\t\t<section class=\"elementor-section elementor-top-section elementor-element elementor-element-6b9669b6 elementor-section-full_width elementor-section-height-default elementor-section-height-default\" data-id=\"6b9669b6\" data-element_type=\"section\">\n\t\t\t\t\t\t<div class=\"elementor-container elementor-column-gap-no\">\n\t\t\t\t\t<div class=\"elementor-column elementor-col-100 elementor-top-column elementor-element elementor-element-54e98aa4\" data-id=\"54e98aa4\" data-element_type=\"column\">\n\t\t\t<div class=\"elementor-widget-wrap elementor-element-populated\">\n\t\t\t\t\t\t\t\t<div class=\"elementor-element elementor-element-f68de35 elementor-align-left elementor-widget elementor-widget-home-client\" data-id=\"f68de35\" data-element_type=\"widget\" data-widget_type=\"home-client.default\">\n\t\t\t\t<div class=\"elementor-widget-container\">\n\t\t\t\r\n\t\t<section class=\"clients\">\r\n\t\t\t<h2 style=\"display: none!important;\">The Cappa<\/h2>\r\n\t\t\t<div class=\"container\">\r\n\t\t\t\t<div class=\"row\">\r\n\t\t\t\t\t<div class=\"col-md-7\">\r\n\t\t\t\t\t\t<br>\r\n\t\t\t\t\t\t\t\t\t\t\t<div class=\"section-title\">Unsere Einrichtungen in Neuch\u00e2tel<\/div>\r\n\t\t\t\t\t\t\t\t\t\t\t<\/div>\r\n\t\t\t\t\t<!-- owl-carousel owl-theme -->\r\n\t\t\t\t\t<div class=\"col-md-7 \">\r\n\t\t\t\t\t\t<div class=\"row\">\r\n\t\t\t\t\t\t\t\t\t\t\t\t\t<div class=\"clients-logo col-md-4\">\r\n\t\t\t\t\t\t\t\t<a href=\"#0\"><img decoding=\"async\" src=\"\" alt=\"\"><\/a>\r\n\t\t\t\t\t\t\t<\/div>\r\n\t\t\t\t\t\t\t\t\t\t\t<\/div>\r\n\t\t\t\t<\/div>\r\n\t\t\t\t<\/div>\r\n\t\t\t<\/div>\r\n\t\t<\/section>\r\n\r\n\t\t\t<\/div>\n\t\t\t\t<\/div>\n\t\t\t\t\t<\/div>\n\t\t<\/div>\n\t\t\t\t\t\t\t<\/div>\n\t\t<\/section>\n\t\t\t\t<section class=\"elementor-section elementor-top-section elementor-element elementor-element-3082ad09 elementor-section-boxed elementor-section-height-default elementor-section-height-default\" data-id=\"3082ad09\" data-element_type=\"section\">\n\t\t\t\t\t\t<div class=\"elementor-container elementor-column-gap-default\">\n\t\t\t\t\t<div class=\"elementor-column elementor-col-20 elementor-top-column elementor-element elementor-element-cee233c\" data-id=\"cee233c\" data-element_type=\"column\">\n\t\t\t<div class=\"elementor-widget-wrap elementor-element-populated\">\n\t\t\t\t\t\t\t\t<div class=\"elementor-element elementor-element-45512c5 elementor-widget elementor-widget-image\" data-id=\"45512c5\" data-element_type=\"widget\" data-widget_type=\"image.default\">\n\t\t\t\t<div class=\"elementor-widget-container\">\n\t\t\t\t\t\t\t\t\t\t\t\t\t\t\t<img decoding=\"async\" width=\"400\" height=\"250\" src=\"https:\/\/alpesetlac.ch\/wp-content\/uploads\/2023\/06\/Logo_Arts.png\" class=\"attachment-large size-large wp-image-5649\" alt=\"\" loading=\"lazy\" srcset=\"https:\/\/alpesetlac.ch\/wp-content\/uploads\/2023\/06\/Logo_Arts.png 400w, https:\/\/alpesetlac.ch\/wp-content\/uploads\/2023\/06\/Logo_Arts-300x188.png 300w\" sizes=\"(max-width: 400px) 100vw, 400px\" \/>\t\t\t\t\t\t\t\t\t\t\t\t\t\t\t<\/div>\n\t\t\t\t<\/div>\n\t\t\t\t\t<\/div>\n\t\t<\/div>\n\t\t\t\t<div class=\"elementor-column elementor-col-20 elementor-top-column elementor-element elementor-element-32b5389d\" data-id=\"32b5389d\" data-element_type=\"column\">\n\t\t\t<div class=\"elementor-widget-wrap elementor-element-populated\">\n\t\t\t\t\t\t\t\t<div class=\"elementor-element elementor-element-152d6477 elementor-widget elementor-widget-image\" data-id=\"152d6477\" data-element_type=\"widget\" data-widget_type=\"image.default\">\n\t\t\t\t<div class=\"elementor-widget-container\">\n\t\t\t\t\t\t\t\t\t\t\t\t\t\t\t<img decoding=\"async\" width=\"400\" height=\"250\" src=\"https:\/\/alpesetlac.ch\/wp-content\/uploads\/2025\/03\/ArnoldCo_site_ref.jpg\" class=\"attachment-large size-large wp-image-7782\" alt=\"\" loading=\"lazy\" srcset=\"https:\/\/alpesetlac.ch\/wp-content\/uploads\/2025\/03\/ArnoldCo_site_ref.jpg 400w, https:\/\/alpesetlac.ch\/wp-content\/uploads\/2025\/03\/ArnoldCo_site_ref-300x188.jpg 300w\" sizes=\"(max-width: 400px) 100vw, 400px\" \/>\t\t\t\t\t\t\t\t\t\t\t\t\t\t\t<\/div>\n\t\t\t\t<\/div>\n\t\t\t\t\t<\/div>\n\t\t<\/div>\n\t\t\t\t<div class=\"elementor-column elementor-col-20 elementor-top-column elementor-element elementor-element-151268a7\" data-id=\"151268a7\" data-element_type=\"column\">\n\t\t\t<div class=\"elementor-widget-wrap elementor-element-populated\">\n\t\t\t\t\t\t\t\t<div class=\"elementor-element elementor-element-19b2c308 elementor-widget elementor-widget-image\" data-id=\"19b2c308\" data-element_type=\"widget\" data-widget_type=\"image.default\">\n\t\t\t\t<div class=\"elementor-widget-container\">\n\t\t\t\t\t\t\t\t\t\t\t\t\t\t\t<img decoding=\"async\" width=\"400\" height=\"250\" src=\"https:\/\/alpesetlac.ch\/wp-content\/uploads\/2023\/06\/Logo_LaTerrasse.png\" class=\"attachment-large size-large wp-image-5655\" alt=\"\" loading=\"lazy\" srcset=\"https:\/\/alpesetlac.ch\/wp-content\/uploads\/2023\/06\/Logo_LaTerrasse.png 400w, https:\/\/alpesetlac.ch\/wp-content\/uploads\/2023\/06\/Logo_LaTerrasse-300x188.png 300w\" sizes=\"(max-width: 400px) 100vw, 400px\" \/>\t\t\t\t\t\t\t\t\t\t\t\t\t\t\t<\/div>\n\t\t\t\t<\/div>\n\t\t\t\t\t<\/div>\n\t\t<\/div>\n\t\t\t\t<div class=\"elementor-column elementor-col-20 elementor-top-column elementor-element elementor-element-4628594b\" data-id=\"4628594b\" data-element_type=\"column\">\n\t\t\t<div class=\"elementor-widget-wrap elementor-element-populated\">\n\t\t\t\t\t\t\t\t<div class=\"elementor-element elementor-element-4d8f37fc elementor-widget elementor-widget-image\" data-id=\"4d8f37fc\" data-element_type=\"widget\" data-widget_type=\"image.default\">\n\t\t\t\t<div class=\"elementor-widget-container\">\n\t\t\t\t\t\t\t\t\t\t\t\t\t\t\t<img decoding=\"async\" width=\"400\" height=\"250\" src=\"https:\/\/alpesetlac.ch\/wp-content\/uploads\/2023\/06\/Logo_BArt.png\" class=\"attachment-large size-large wp-image-5652\" alt=\"\" loading=\"lazy\" srcset=\"https:\/\/alpesetlac.ch\/wp-content\/uploads\/2023\/06\/Logo_BArt.png 400w, https:\/\/alpesetlac.ch\/wp-content\/uploads\/2023\/06\/Logo_BArt-300x188.png 300w\" sizes=\"(max-width: 400px) 100vw, 400px\" \/>\t\t\t\t\t\t\t\t\t\t\t\t\t\t\t<\/div>\n\t\t\t\t<\/div>\n\t\t\t\t\t<\/div>\n\t\t<\/div>\n\t\t\t\t<div class=\"elementor-column elementor-col-20 elementor-top-column elementor-element elementor-element-397ad60c\" data-id=\"397ad60c\" data-element_type=\"column\">\n\t\t\t<div class=\"elementor-widget-wrap elementor-element-populated\">\n\t\t\t\t\t\t\t\t<div class=\"elementor-element elementor-element-345420b1 elementor-widget elementor-widget-image\" data-id=\"345420b1\" data-element_type=\"widget\" data-widget_type=\"image.default\">\n\t\t\t\t<div class=\"elementor-widget-container\">\n\t\t\t\t\t\t\t\t\t\t\t\t\t\t\t<img decoding=\"async\" width=\"400\" height=\"250\" src=\"https:\/\/alpesetlac.ch\/wp-content\/uploads\/2025\/03\/Logo_Swisstainable_site_v2.png\" class=\"attachment-large size-large wp-image-7857\" alt=\"\" loading=\"lazy\" srcset=\"https:\/\/alpesetlac.ch\/wp-content\/uploads\/2025\/03\/Logo_Swisstainable_site_v2.png 400w, https:\/\/alpesetlac.ch\/wp-content\/uploads\/2025\/03\/Logo_Swisstainable_site_v2-300x188.png 300w\" sizes=\"(max-width: 400px) 100vw, 400px\" \/>\t\t\t\t\t\t\t\t\t\t\t\t\t\t\t<\/div>\n\t\t\t\t<\/div>\n\t\t\t\t\t<\/div>\n\t\t<\/div>\n\t\t\t\t\t\t\t<\/div>\n\t\t<\/section>\n\t\t\t\t\t\t\t<\/div>\n\t\t","protected":false},"excerpt":{"rendered":"<p>HOTEL ALPES ET LAC, NEUCH\u00c2TEL Bankette und Cocktails Hochzeiten, Geburtstage, Gesch\u00e4ftstreffen, Firmenausfl\u00fcge und andere Anl\u00e4sse &#8211; lassen Sie sich von unseren speziellen Bankett- und Cocktailangeboten begeistern!Je nach Bedarf k\u00f6nnen wir mit unseren flexiblen R\u00e4umen Gruppen von 10 bis 100 Personen empfangen. In der warmen Jahreszeit k\u00f6nnen Sie auch unsere Panoramaterrasse mit Blick auf den Neuenburgersee [&hellip;]<\/p>\n","protected":false},"author":1,"featured_media":0,"parent":0,"menu_order":0,"comment_status":"closed","ping_status":"closed","template":"page-templates\/home.php","meta":[],"acf":[],"_links":{"self":[{"href":"https:\/\/alpesetlac.ch\/de\/wp-json\/wp\/v2\/pages\/4352"}],"collection":[{"href":"https:\/\/alpesetlac.ch\/de\/wp-json\/wp\/v2\/pages"}],"about":[{"href":"https:\/\/alpesetlac.ch\/de\/wp-json\/wp\/v2\/types\/page"}],"author":[{"embeddable":true,"href":"https:\/\/alpesetlac.ch\/de\/wp-json\/wp\/v2\/users\/1"}],"replies":[{"embeddable":true,"href":"https:\/\/alpesetlac.ch\/de\/wp-json\/wp\/v2\/comments?post=4352"}],"version-history":[{"count":37,"href":"https:\/\/alpesetlac.ch\/de\/wp-json\/wp\/v2\/pages\/4352\/revisions"}],"predecessor-version":[{"id":8721,"href":"https:\/\/alpesetlac.ch\/de\/wp-json\/wp\/v2\/pages\/4352\/revisions\/8721"}],"wp:attachment":[{"href":"https:\/\/alpesetlac.ch\/de\/wp-json\/wp\/v2\/media?parent=4352"}],"curies":[{"name":"wp","href":"https:\/\/api.w.org\/{rel}","templated":true}]}}