{"id":4973,"date":"2023-05-09T14:43:27","date_gmt":"2023-05-09T14:43:27","guid":{"rendered":"https:\/\/alpesetlac.ch\/sommeraktivitaeten\/"},"modified":"2025-03-25T14:13:07","modified_gmt":"2025-03-25T14:13:07","slug":"sommeraktivitaeten","status":"publish","type":"page","link":"https:\/\/alpesetlac.ch\/de\/sommeraktivitaeten\/","title":{"rendered":"Sommeraktivit\u00e4ten"},"content":{"rendered":"\t\t<div data-elementor-type=\"wp-page\" data-elementor-id=\"4973\" class=\"elementor elementor-4973 elementor-3723\">\n\t\t\t\t\t\t\t\t\t<section class=\"elementor-section elementor-top-section elementor-element elementor-element-a99e0a2 elementor-section-full_width elementor-section-height-default elementor-section-height-default\" data-id=\"a99e0a2\" data-element_type=\"section\">\n\t\t\t\t\t\t<div class=\"elementor-container elementor-column-gap-no\">\n\t\t\t\t\t<div class=\"elementor-column elementor-col-100 elementor-top-column elementor-element elementor-element-d5c0f19\" data-id=\"d5c0f19\" data-element_type=\"column\">\n\t\t\t<div class=\"elementor-widget-wrap elementor-element-populated\">\n\t\t\t\t\t\t\t\t<div class=\"elementor-element elementor-element-5ff130e elementor-widget elementor-widget-image\" data-id=\"5ff130e\" data-element_type=\"widget\" data-widget_type=\"image.default\">\n\t\t\t\t<div class=\"elementor-widget-container\">\n\t\t\t<style>\/*! elementor - v3.9.1 - 14-12-2022 *\/\n.elementor-widget-image{text-align:center}.elementor-widget-image a{display:inline-block}.elementor-widget-image a img[src$=\".svg\"]{width:48px}.elementor-widget-image img{vertical-align:middle;display:inline-block}<\/style>\t\t\t\t\t\t\t\t\t\t\t\t<img decoding=\"async\" width=\"1612\" height=\"596\" src=\"https:\/\/alpesetlac.ch\/wp-content\/uploads\/2023\/06\/AL-Banner-site-1-2.jpg\" class=\"attachment-full size-full wp-image-4787\" alt=\"\" loading=\"lazy\" srcset=\"https:\/\/alpesetlac.ch\/wp-content\/uploads\/2023\/06\/AL-Banner-site-1-2.jpg 1612w, https:\/\/alpesetlac.ch\/wp-content\/uploads\/2023\/06\/AL-Banner-site-1-2-300x111.jpg 300w, https:\/\/alpesetlac.ch\/wp-content\/uploads\/2023\/06\/AL-Banner-site-1-2-1024x379.jpg 1024w, https:\/\/alpesetlac.ch\/wp-content\/uploads\/2023\/06\/AL-Banner-site-1-2-768x284.jpg 768w, https:\/\/alpesetlac.ch\/wp-content\/uploads\/2023\/06\/AL-Banner-site-1-2-1536x568.jpg 1536w\" sizes=\"(max-width: 1612px) 100vw, 1612px\" \/>\t\t\t\t\t\t\t\t\t\t\t\t\t\t\t<\/div>\n\t\t\t\t<\/div>\n\t\t\t\t\t<\/div>\n\t\t<\/div>\n\t\t\t\t\t\t\t<\/div>\n\t\t<\/section>\n\t\t\t\t<section class=\"elementor-section elementor-top-section elementor-element elementor-element-9eb0c3d section-padding-top elementor-section-boxed elementor-section-height-default elementor-section-height-default\" data-id=\"9eb0c3d\" data-element_type=\"section\">\n\t\t\t\t\t\t<div class=\"elementor-container elementor-column-gap-default\">\n\t\t\t\t\t<div class=\"elementor-column elementor-col-100 elementor-top-column elementor-element elementor-element-3d0ddbf\" data-id=\"3d0ddbf\" data-element_type=\"column\">\n\t\t\t<div class=\"elementor-widget-wrap\">\n\t\t\t\t\t\t\t\t\t<\/div>\n\t\t<\/div>\n\t\t\t\t\t\t\t<\/div>\n\t\t<\/section>\n\t\t\t\t<section class=\"elementor-section elementor-top-section elementor-element elementor-element-4350f81 elementor-section-boxed elementor-section-height-default elementor-section-height-default\" data-id=\"4350f81\" data-element_type=\"section\">\n\t\t\t\t\t\t<div class=\"elementor-container elementor-column-gap-default\">\n\t\t\t\t\t<div class=\"elementor-column elementor-col-100 elementor-top-column elementor-element elementor-element-efbdc97\" data-id=\"efbdc97\" data-element_type=\"column\">\n\t\t\t<div class=\"elementor-widget-wrap elementor-element-populated\">\n\t\t\t\t\t\t\t\t<div class=\"elementor-element elementor-element-bc7461f section-subtitle elementor-widget elementor-widget-heading\" data-id=\"bc7461f\" data-element_type=\"widget\" data-widget_type=\"heading.default\">\n\t\t\t\t<div class=\"elementor-widget-container\">\n\t\t\t<style>\/*! elementor - v3.9.1 - 14-12-2022 *\/\n.elementor-heading-title{padding:0;margin:0;line-height:1}.elementor-widget-heading .elementor-heading-title[class*=elementor-size-]>a{color:inherit;font-size:inherit;line-height:inherit}.elementor-widget-heading .elementor-heading-title.elementor-size-small{font-size:15px}.elementor-widget-heading .elementor-heading-title.elementor-size-medium{font-size:19px}.elementor-widget-heading .elementor-heading-title.elementor-size-large{font-size:29px}.elementor-widget-heading .elementor-heading-title.elementor-size-xl{font-size:39px}.elementor-widget-heading .elementor-heading-title.elementor-size-xxl{font-size:59px}<\/style><h2 class=\"elementor-heading-title elementor-size-default\">Entspannung &amp; Flucht<\/h2>\t\t<\/div>\n\t\t\t\t<\/div>\n\t\t\t\t<div class=\"elementor-element elementor-element-825fd40 elementor-widget elementor-widget-heading\" data-id=\"825fd40\" data-element_type=\"widget\" data-widget_type=\"heading.default\">\n\t\t\t\t<div class=\"elementor-widget-container\">\n\t\t\t<h2 class=\"elementor-heading-title elementor-size-default\">Sommeraktivit\u00e4ten<\/h2>\t\t<\/div>\n\t\t\t\t<\/div>\n\t\t\t\t<div class=\"elementor-element elementor-element-1560d49 elementor-widget elementor-widget-text-editor\" data-id=\"1560d49\" data-element_type=\"widget\" data-widget_type=\"text-editor.default\">\n\t\t\t\t<div class=\"elementor-widget-container\">\n\t\t\t<style>\/*! elementor - v3.9.1 - 14-12-2022 *\/\n.elementor-widget-text-editor.elementor-drop-cap-view-stacked .elementor-drop-cap{background-color:#818a91;color:#fff}.elementor-widget-text-editor.elementor-drop-cap-view-framed .elementor-drop-cap{color:#818a91;border:3px solid;background-color:transparent}.elementor-widget-text-editor:not(.elementor-drop-cap-view-default) .elementor-drop-cap{margin-top:8px}.elementor-widget-text-editor:not(.elementor-drop-cap-view-default) .elementor-drop-cap-letter{width:1em;height:1em}.elementor-widget-text-editor .elementor-drop-cap{float:left;text-align:center;line-height:1;font-size:50px}.elementor-widget-text-editor .elementor-drop-cap-letter{display:inline-block}<\/style>\t\t\t\t<p>Gehen Sie diesen Sommer auf Entdeckungsreise im Kanton Neuch\u00e2tel.<br \/>Hier finden Sie einige Ideen f\u00fcr Aktivit\u00e4ten, die Sie als Paar, mit der Familie oder mit Freunden w\u00e4hrend Ihres Aufenthalts in unserer sch\u00f6nen Region unternehmen k\u00f6nnen.<\/p><p>Mit der Neuch\u00e2tel Tourist Card fahren Sie im gesamten Kanton kostenlos mit \u00f6ffentlichen Verkehrsmitteln. Sie haben auch freien Eintritt in 31 Museen und profitieren von vielen anderen Aktivit\u00e4ten: Angebot <a href=\"https:\/\/www.alpesetlac.ch\/neuchatel-tourist-card\/\"><u>ansehen!<\/u><\/a><\/p><p>Haben Sie noch Fragen? Unser Team steht Ihnen gerne zur Verf\u00fcgung, um Ihren Aufenthalt so reibungslos wie m\u00f6glich zu gestalten!<\/p>\t\t\t\t\t\t<\/div>\n\t\t\t\t<\/div>\n\t\t\t\t\t<\/div>\n\t\t<\/div>\n\t\t\t\t\t\t\t<\/div>\n\t\t<\/section>\n\t\t\t\t<section class=\"elementor-section elementor-top-section elementor-element elementor-element-7445e3f elementor-section-boxed elementor-section-height-default elementor-section-height-default\" data-id=\"7445e3f\" data-element_type=\"section\">\n\t\t\t\t\t\t<div class=\"elementor-container elementor-column-gap-default\">\n\t\t\t\t\t<div class=\"elementor-column elementor-col-100 elementor-top-column elementor-element elementor-element-9b64659\" data-id=\"9b64659\" data-element_type=\"column\">\n\t\t\t<div class=\"elementor-widget-wrap elementor-element-populated\">\n\t\t\t\t\t\t\t\t<div class=\"elementor-element elementor-element-5b4018c elementor-widget elementor-widget-shortcode\" data-id=\"5b4018c\" data-element_type=\"widget\" data-widget_type=\"shortcode.default\">\n\t\t\t\t<div class=\"elementor-widget-container\">\n\t\t\t\t\t<div class=\"elementor-shortcode\"><div class=\"query query-activites-estivales-wrapper row\">\n\t<div class=\"query-wrapper-content\">\n\t\t\n\t\t\n\t\t<div class=\"query-content\">\n\t\t\t<div class=\"query-unformatted query-activites-estivales\">\n\t\n\t\t<div class=\"query-row query-row-even query-row-0 query-row-first\">\n\t\t\t\n\t\t\t\t\t\t\t\t\t\t\t\t\t\t\t<div class=\"query-field query-field-featured_image\">\n\t\t\t\t\t\t\t<a class=\"query-field-link\" href=\"https:\/\/alpesetlac.ch\/de\/wanderungen\/\"><img width=\"555\" height=\"370\" src=\"https:\/\/alpesetlac.ch\/wp-content\/uploads\/2023\/06\/AL-Banner-site-2.jpg\" class=\"attachment-large size-large\" alt=\"\" decoding=\"async\" loading=\"lazy\" srcset=\"https:\/\/alpesetlac.ch\/wp-content\/uploads\/2023\/06\/AL-Banner-site-2.jpg 555w, https:\/\/alpesetlac.ch\/wp-content\/uploads\/2023\/06\/AL-Banner-site-2-300x200.jpg 300w\" sizes=\"(max-width: 555px) 100vw, 555px\" \/><\/a>\t\t\t\t\t\t<\/div>\n\t\t\t\t\t\t\t\t\t\t\t\t\t\t\t\t\t\t\t\t<div class=\"query-field query-field-post_title\">\n\t\t\t\t\t\t\t<a class=\"query-field-link\" href=\"https:\/\/alpesetlac.ch\/de\/wanderungen\/\">Wanderungen<\/a>\t\t\t\t\t\t<\/div>\n\t\t\t\t\t\t\t\t\t\n\t\t\t\t\t<\/div>\n\n\t\n\t\t<div class=\"query-row query-row-odd query-row-1\">\n\t\t\t\n\t\t\t\t\t\t\t\t\t\t\t\t\t\t\t<div class=\"query-field query-field-featured_image\">\n\t\t\t\t\t\t\t<a class=\"query-field-link\" href=\"https:\/\/alpesetlac.ch\/de\/familienspass\/\"><img width=\"900\" height=\"600\" src=\"https:\/\/alpesetlac.ch\/wp-content\/uploads\/2023\/06\/Accrobranche-1024x683.jpg\" class=\"attachment-large size-large\" alt=\"\" decoding=\"async\" loading=\"lazy\" srcset=\"https:\/\/alpesetlac.ch\/wp-content\/uploads\/2023\/06\/Accrobranche-1024x683.jpg 1024w, https:\/\/alpesetlac.ch\/wp-content\/uploads\/2023\/06\/Accrobranche-300x200.jpg 300w, https:\/\/alpesetlac.ch\/wp-content\/uploads\/2023\/06\/Accrobranche-768x512.jpg 768w, https:\/\/alpesetlac.ch\/wp-content\/uploads\/2023\/06\/Accrobranche-1536x1024.jpg 1536w, https:\/\/alpesetlac.ch\/wp-content\/uploads\/2023\/06\/Accrobranche-2048x1365.jpg 2048w\" sizes=\"(max-width: 900px) 100vw, 900px\" \/><\/a>\t\t\t\t\t\t<\/div>\n\t\t\t\t\t\t\t\t\t\t\t\t\t\t\t\t\t\t\t\t<div class=\"query-field query-field-post_title\">\n\t\t\t\t\t\t\t<a class=\"query-field-link\" href=\"https:\/\/alpesetlac.ch\/de\/familienspass\/\">Familienspa\u00df<\/a>\t\t\t\t\t\t<\/div>\n\t\t\t\t\t\t\t\t\t\n\t\t\t\t\t<\/div>\n\n\t\n\t\t<div class=\"query-row query-row-even query-row-2\">\n\t\t\t\n\t\t\t\t\t\t\t\t\t\t\t\t\t\t\t<div class=\"query-field query-field-featured_image\">\n\t\t\t\t\t\t\t<a class=\"query-field-link\" href=\"https:\/\/alpesetlac.ch\/de\/straende-und-pools\/\"><img width=\"555\" height=\"370\" src=\"https:\/\/alpesetlac.ch\/wp-content\/uploads\/2023\/06\/AL-Banner-site-2-6.jpg\" class=\"attachment-large size-large\" alt=\"\" decoding=\"async\" loading=\"lazy\" srcset=\"https:\/\/alpesetlac.ch\/wp-content\/uploads\/2023\/06\/AL-Banner-site-2-6.jpg 555w, https:\/\/alpesetlac.ch\/wp-content\/uploads\/2023\/06\/AL-Banner-site-2-6-300x200.jpg 300w\" sizes=\"(max-width: 555px) 100vw, 555px\" \/><\/a>\t\t\t\t\t\t<\/div>\n\t\t\t\t\t\t\t\t\t\t\t\t\t\t\t\t\t\t\t\t<div class=\"query-field query-field-post_title\">\n\t\t\t\t\t\t\t<a class=\"query-field-link\" href=\"https:\/\/alpesetlac.ch\/de\/straende-und-pools\/\">Str\u00e4nde und Pools<\/a>\t\t\t\t\t\t<\/div>\n\t\t\t\t\t\t\t\t\t\n\t\t\t\t\t<\/div>\n\n\t\n\t\t<div class=\"query-row query-row-odd query-row-3 query-row-last\">\n\t\t\t\n\t\t\t\t\t\t\t\t\t\t\t\t\t\t\t<div class=\"query-field query-field-featured_image\">\n\t\t\t\t\t\t\t<a class=\"query-field-link\" href=\"https:\/\/alpesetlac.ch\/de\/bei-regenwetter\/\"><img width=\"555\" height=\"370\" src=\"https:\/\/alpesetlac.ch\/wp-content\/uploads\/2023\/06\/AL-Banner-site-2-7.jpg\" class=\"attachment-large size-large\" alt=\"\" decoding=\"async\" loading=\"lazy\" srcset=\"https:\/\/alpesetlac.ch\/wp-content\/uploads\/2023\/06\/AL-Banner-site-2-7.jpg 555w, https:\/\/alpesetlac.ch\/wp-content\/uploads\/2023\/06\/AL-Banner-site-2-7-300x200.jpg 300w\" sizes=\"(max-width: 555px) 100vw, 555px\" \/><\/a>\t\t\t\t\t\t<\/div>\n\t\t\t\t\t\t\t\t\t\t\t\t\t\t\t\t\t\t\t\t<div class=\"query-field query-field-post_title\">\n\t\t\t\t\t\t\t<a class=\"query-field-link\" href=\"https:\/\/alpesetlac.ch\/de\/bei-regenwetter\/\">Bei Regenwetter<\/a>\t\t\t\t\t\t<\/div>\n\t\t\t\t\t\t\t\t\t\n\t\t\t\t\t<\/div>\n\n\t<\/div>\t\t\t\t\t<\/div>\n\n\t\t\t<\/div>\n<\/div><\/div>\n\t\t\t\t<\/div>\n\t\t\t\t<\/div>\n\t\t\t\t\t<\/div>\n\t\t<\/div>\n\t\t\t\t\t\t\t<\/div>\n\t\t<\/section>\n\t\t\t\t<section class=\"elementor-section elementor-top-section elementor-element elementor-element-4eab479 elementor-section-full_width elementor-section-height-default elementor-section-height-default\" data-id=\"4eab479\" data-element_type=\"section\">\n\t\t\t\t\t\t<div class=\"elementor-container elementor-column-gap-default\">\n\t\t\t\t\t<div class=\"elementor-column elementor-col-100 elementor-top-column elementor-element elementor-element-10ce81b\" data-id=\"10ce81b\" data-element_type=\"column\">\n\t\t\t<div class=\"elementor-widget-wrap elementor-element-populated\">\n\t\t\t\t\t\t\t\t<div class=\"elementor-element elementor-element-8bed822 elementor-align-center elementor-widget elementor-widget-home-video\" data-id=\"8bed822\" data-element_type=\"widget\" data-widget_type=\"home-video.default\">\n\t\t\t\t<div class=\"elementor-widget-container\">\n\t\t\t\r\n\t\t\t\t<section class=\"video-wrapper video section-padding bg-img bg-fixed\" data-overlay-dark=\"3\" data-background=\"https:\/\/alpesetlac.ch\/wp-content\/uploads\/2023\/06\/AL-Banner-vue-lac.jpg\">\r\n\t\t\t\t\t<h2 style=\"display: none!important;\">The Cappa<\/h2>\r\n\t\t\t<div class=\"container\">\r\n\t\t\t\t<div class=\"row\">\r\n\t\t\t\t\t<div class=\"col-md-8 offset-md-2 text-center\">\r\n\t\t\t\t\t\t<span><i class=\"star-rating\"><\/i><i class=\"star-rating\"><\/i><i class=\"star-rating\"><\/i><i class=\"star-rating\"><\/i><i class=\"star-rating\"><\/i><\/span>\r\n\t\t\t\t\t\t\t\t\t\t\t\t<div class=\"section-subtitle\"><span>It is Sub Heading<\/span><\/div>\r\n\t\t\t\t\t\t\t\t\t\t\t\t\t\t\t\t\t\t<div class=\"section-title\"><span>It is Heading<\/span><\/div>\r\n\t\t\t\t\t\t\t\t\t\t\t<\/div>\r\n\t\t\t\t<\/div>\r\n\t\t\t\t<div class=\"row\">\r\n\t\t\t\t\t\t\t\t\t\t\t<div class=\"text-center col-md-12\">\r\n\t\t\t\t\t\t\t<a class=\"vid\" href=\"It is Video Link\">\r\n\t\t\t\t\t\t\t\t<div class=\"vid-butn\">\r\n\t\t\t\t\t\t\t\t\t<span class=\"icon\">\r\n\t\t\t\t\t\t\t\t\t\t<i class=\"ti-control-play\"><\/i>\r\n\t\t\t\t\t\t\t\t\t<\/span>\r\n\t\t\t\t\t\t\t\t<\/div>\r\n\t\t\t\t\t\t\t<\/a>\r\n\t\t\t\t\t\t<\/div>\r\n\t\t\t\t\t\t\t\t\t<\/div>\r\n\t\t\t<\/div>\r\n\t\t<\/section>\r\n\r\n\t\t\t<\/div>\n\t\t\t\t<\/div>\n\t\t\t\t\t<\/div>\n\t\t<\/div>\n\t\t\t\t\t\t\t<\/div>\n\t\t<\/section>\n\t\t\t\t<section class=\"elementor-section elementor-top-section elementor-element elementor-element-284ec2ba elementor-section-full_width elementor-section-height-default elementor-section-height-default\" data-id=\"284ec2ba\" data-element_type=\"section\">\n\t\t\t\t\t\t<div class=\"elementor-container elementor-column-gap-no\">\n\t\t\t\t\t<div class=\"elementor-column elementor-col-100 elementor-top-column elementor-element elementor-element-53473697\" data-id=\"53473697\" data-element_type=\"column\">\n\t\t\t<div class=\"elementor-widget-wrap elementor-element-populated\">\n\t\t\t\t\t\t\t\t<div class=\"elementor-element elementor-element-6fba893c elementor-align-left elementor-widget elementor-widget-home-client\" data-id=\"6fba893c\" data-element_type=\"widget\" data-widget_type=\"home-client.default\">\n\t\t\t\t<div class=\"elementor-widget-container\">\n\t\t\t\r\n\t\t<section class=\"clients\">\r\n\t\t\t<h2 style=\"display: none!important;\">The Cappa<\/h2>\r\n\t\t\t<div class=\"container\">\r\n\t\t\t\t<div class=\"row\">\r\n\t\t\t\t\t<div class=\"col-md-7\">\r\n\t\t\t\t\t\t<br>\r\n\t\t\t\t\t\t\t\t\t\t\t<div class=\"section-title\">Unsere Einrichtungen in Neuch\u00e2tel<\/div>\r\n\t\t\t\t\t\t\t\t\t\t\t<\/div>\r\n\t\t\t\t\t<!-- owl-carousel owl-theme -->\r\n\t\t\t\t\t<div class=\"col-md-7 \">\r\n\t\t\t\t\t\t<div class=\"row\">\r\n\t\t\t\t\t\t\t\t\t\t\t\t\t<div class=\"clients-logo col-md-4\">\r\n\t\t\t\t\t\t\t\t<a href=\"#0\"><img decoding=\"async\" src=\"\" alt=\"\"><\/a>\r\n\t\t\t\t\t\t\t<\/div>\r\n\t\t\t\t\t\t\t\t\t\t\t<\/div>\r\n\t\t\t\t<\/div>\r\n\t\t\t\t<\/div>\r\n\t\t\t<\/div>\r\n\t\t<\/section>\r\n\r\n\t\t\t<\/div>\n\t\t\t\t<\/div>\n\t\t\t\t\t<\/div>\n\t\t<\/div>\n\t\t\t\t\t\t\t<\/div>\n\t\t<\/section>\n\t\t\t\t<section class=\"elementor-section elementor-top-section elementor-element elementor-element-232a3828 elementor-section-boxed elementor-section-height-default elementor-section-height-default\" data-id=\"232a3828\" data-element_type=\"section\">\n\t\t\t\t\t\t<div class=\"elementor-container elementor-column-gap-default\">\n\t\t\t\t\t<div class=\"elementor-column elementor-col-20 elementor-top-column elementor-element elementor-element-64bd5462\" data-id=\"64bd5462\" data-element_type=\"column\">\n\t\t\t<div class=\"elementor-widget-wrap elementor-element-populated\">\n\t\t\t\t\t\t\t\t<div class=\"elementor-element elementor-element-5426c794 elementor-widget elementor-widget-image\" data-id=\"5426c794\" data-element_type=\"widget\" data-widget_type=\"image.default\">\n\t\t\t\t<div class=\"elementor-widget-container\">\n\t\t\t\t\t\t\t\t\t\t\t\t\t\t\t<img decoding=\"async\" width=\"400\" height=\"250\" src=\"https:\/\/alpesetlac.ch\/wp-content\/uploads\/2023\/06\/Logo_Arts.png\" class=\"attachment-large size-large wp-image-5649\" alt=\"\" loading=\"lazy\" srcset=\"https:\/\/alpesetlac.ch\/wp-content\/uploads\/2023\/06\/Logo_Arts.png 400w, https:\/\/alpesetlac.ch\/wp-content\/uploads\/2023\/06\/Logo_Arts-300x188.png 300w\" sizes=\"(max-width: 400px) 100vw, 400px\" \/>\t\t\t\t\t\t\t\t\t\t\t\t\t\t\t<\/div>\n\t\t\t\t<\/div>\n\t\t\t\t\t<\/div>\n\t\t<\/div>\n\t\t\t\t<div class=\"elementor-column elementor-col-20 elementor-top-column elementor-element elementor-element-70a439d0\" data-id=\"70a439d0\" data-element_type=\"column\">\n\t\t\t<div class=\"elementor-widget-wrap elementor-element-populated\">\n\t\t\t\t\t\t\t\t<div class=\"elementor-element elementor-element-5f483df elementor-widget elementor-widget-image\" data-id=\"5f483df\" data-element_type=\"widget\" data-widget_type=\"image.default\">\n\t\t\t\t<div class=\"elementor-widget-container\">\n\t\t\t\t\t\t\t\t\t\t\t\t\t\t\t<img decoding=\"async\" width=\"400\" height=\"250\" src=\"https:\/\/alpesetlac.ch\/wp-content\/uploads\/2025\/03\/ArnoldCo_site_ref.jpg\" class=\"attachment-large size-large wp-image-7782\" alt=\"\" loading=\"lazy\" srcset=\"https:\/\/alpesetlac.ch\/wp-content\/uploads\/2025\/03\/ArnoldCo_site_ref.jpg 400w, https:\/\/alpesetlac.ch\/wp-content\/uploads\/2025\/03\/ArnoldCo_site_ref-300x188.jpg 300w\" sizes=\"(max-width: 400px) 100vw, 400px\" \/>\t\t\t\t\t\t\t\t\t\t\t\t\t\t\t<\/div>\n\t\t\t\t<\/div>\n\t\t\t\t\t<\/div>\n\t\t<\/div>\n\t\t\t\t<div class=\"elementor-column elementor-col-20 elementor-top-column elementor-element elementor-element-16d42b4a\" data-id=\"16d42b4a\" data-element_type=\"column\">\n\t\t\t<div class=\"elementor-widget-wrap elementor-element-populated\">\n\t\t\t\t\t\t\t\t<div class=\"elementor-element elementor-element-fc9477f elementor-widget elementor-widget-image\" data-id=\"fc9477f\" data-element_type=\"widget\" data-widget_type=\"image.default\">\n\t\t\t\t<div class=\"elementor-widget-container\">\n\t\t\t\t\t\t\t\t\t\t\t\t\t\t\t<img decoding=\"async\" width=\"400\" height=\"250\" src=\"https:\/\/alpesetlac.ch\/wp-content\/uploads\/2023\/06\/Logo_LaTerrasse.png\" class=\"attachment-large size-large wp-image-5655\" alt=\"\" loading=\"lazy\" srcset=\"https:\/\/alpesetlac.ch\/wp-content\/uploads\/2023\/06\/Logo_LaTerrasse.png 400w, https:\/\/alpesetlac.ch\/wp-content\/uploads\/2023\/06\/Logo_LaTerrasse-300x188.png 300w\" sizes=\"(max-width: 400px) 100vw, 400px\" \/>\t\t\t\t\t\t\t\t\t\t\t\t\t\t\t<\/div>\n\t\t\t\t<\/div>\n\t\t\t\t\t<\/div>\n\t\t<\/div>\n\t\t\t\t<div class=\"elementor-column elementor-col-20 elementor-top-column elementor-element elementor-element-4ca9dc9b\" data-id=\"4ca9dc9b\" data-element_type=\"column\">\n\t\t\t<div class=\"elementor-widget-wrap elementor-element-populated\">\n\t\t\t\t\t\t\t\t<div class=\"elementor-element elementor-element-615ef851 elementor-widget elementor-widget-image\" data-id=\"615ef851\" data-element_type=\"widget\" data-widget_type=\"image.default\">\n\t\t\t\t<div class=\"elementor-widget-container\">\n\t\t\t\t\t\t\t\t\t\t\t\t\t\t\t<img decoding=\"async\" width=\"400\" height=\"250\" src=\"https:\/\/alpesetlac.ch\/wp-content\/uploads\/2023\/06\/Logo_BArt.png\" class=\"attachment-large size-large wp-image-5652\" alt=\"\" loading=\"lazy\" srcset=\"https:\/\/alpesetlac.ch\/wp-content\/uploads\/2023\/06\/Logo_BArt.png 400w, https:\/\/alpesetlac.ch\/wp-content\/uploads\/2023\/06\/Logo_BArt-300x188.png 300w\" sizes=\"(max-width: 400px) 100vw, 400px\" \/>\t\t\t\t\t\t\t\t\t\t\t\t\t\t\t<\/div>\n\t\t\t\t<\/div>\n\t\t\t\t\t<\/div>\n\t\t<\/div>\n\t\t\t\t<div class=\"elementor-column elementor-col-20 elementor-top-column elementor-element elementor-element-1e1b2bfd\" data-id=\"1e1b2bfd\" data-element_type=\"column\">\n\t\t\t<div class=\"elementor-widget-wrap elementor-element-populated\">\n\t\t\t\t\t\t\t\t<div class=\"elementor-element elementor-element-5f4ab97f elementor-widget elementor-widget-image\" data-id=\"5f4ab97f\" data-element_type=\"widget\" data-widget_type=\"image.default\">\n\t\t\t\t<div class=\"elementor-widget-container\">\n\t\t\t\t\t\t\t\t\t\t\t\t\t\t\t<img decoding=\"async\" width=\"400\" height=\"250\" src=\"https:\/\/alpesetlac.ch\/wp-content\/uploads\/2025\/03\/Logo_Swisstainable_site_v2.png\" class=\"attachment-large size-large wp-image-7857\" alt=\"\" loading=\"lazy\" srcset=\"https:\/\/alpesetlac.ch\/wp-content\/uploads\/2025\/03\/Logo_Swisstainable_site_v2.png 400w, https:\/\/alpesetlac.ch\/wp-content\/uploads\/2025\/03\/Logo_Swisstainable_site_v2-300x188.png 300w\" sizes=\"(max-width: 400px) 100vw, 400px\" \/>\t\t\t\t\t\t\t\t\t\t\t\t\t\t\t<\/div>\n\t\t\t\t<\/div>\n\t\t\t\t\t<\/div>\n\t\t<\/div>\n\t\t\t\t\t\t\t<\/div>\n\t\t<\/section>\n\t\t\t\t\t\t\t<\/div>\n\t\t","protected":false},"excerpt":{"rendered":"<p>Entspannung &amp; Flucht Sommeraktivit\u00e4ten Gehen Sie diesen Sommer auf Entdeckungsreise im Kanton Neuch\u00e2tel.Hier finden Sie einige Ideen f\u00fcr Aktivit\u00e4ten, die Sie als Paar, mit der Familie oder mit Freunden w\u00e4hrend Ihres Aufenthalts in unserer sch\u00f6nen Region unternehmen k\u00f6nnen.Mit der Neuch\u00e2tel Tourist Card fahren Sie im gesamten Kanton kostenlos mit \u00f6ffentlichen Verkehrsmitteln. Sie haben auch freien [&hellip;]<\/p>\n","protected":false},"author":2,"featured_media":0,"parent":0,"menu_order":0,"comment_status":"closed","ping_status":"closed","template":"page-templates\/home.php","meta":[],"acf":[],"_links":{"self":[{"href":"https:\/\/alpesetlac.ch\/de\/wp-json\/wp\/v2\/pages\/4973"}],"collection":[{"href":"https:\/\/alpesetlac.ch\/de\/wp-json\/wp\/v2\/pages"}],"about":[{"href":"https:\/\/alpesetlac.ch\/de\/wp-json\/wp\/v2\/types\/page"}],"author":[{"embeddable":true,"href":"https:\/\/alpesetlac.ch\/de\/wp-json\/wp\/v2\/users\/2"}],"replies":[{"embeddable":true,"href":"https:\/\/alpesetlac.ch\/de\/wp-json\/wp\/v2\/comments?post=4973"}],"version-history":[{"count":13,"href":"https:\/\/alpesetlac.ch\/de\/wp-json\/wp\/v2\/pages\/4973\/revisions"}],"predecessor-version":[{"id":7913,"href":"https:\/\/alpesetlac.ch\/de\/wp-json\/wp\/v2\/pages\/4973\/revisions\/7913"}],"wp:attachment":[{"href":"https:\/\/alpesetlac.ch\/de\/wp-json\/wp\/v2\/media?parent=4973"}],"curies":[{"name":"wp","href":"https:\/\/api.w.org\/{rel}","templated":true}]}}