{"id":5421,"date":"2023-06-21T07:58:39","date_gmt":"2023-06-21T07:58:39","guid":{"rendered":"https:\/\/alpesetlac.ch\/winter-aktivitaeten\/"},"modified":"2025-03-25T14:15:28","modified_gmt":"2025-03-25T14:15:28","slug":"winter-aktivitaeten","status":"publish","type":"page","link":"https:\/\/alpesetlac.ch\/de\/winter-aktivitaeten\/","title":{"rendered":"Winteraktivit\u00e4ten"},"content":{"rendered":"\t\t<div data-elementor-type=\"wp-page\" data-elementor-id=\"5421\" class=\"elementor elementor-5421 elementor-4984\">\n\t\t\t\t\t\t\t\t\t<section class=\"elementor-section elementor-top-section elementor-element elementor-element-a99e0a2 elementor-section-full_width elementor-section-height-default elementor-section-height-default\" data-id=\"a99e0a2\" data-element_type=\"section\">\n\t\t\t\t\t\t<div class=\"elementor-container elementor-column-gap-no\">\n\t\t\t\t\t<div class=\"elementor-column elementor-col-100 elementor-top-column elementor-element elementor-element-d5c0f19\" data-id=\"d5c0f19\" data-element_type=\"column\">\n\t\t\t<div class=\"elementor-widget-wrap elementor-element-populated\">\n\t\t\t\t\t\t\t\t<div class=\"elementor-element elementor-element-5ff130e elementor-widget elementor-widget-image\" data-id=\"5ff130e\" data-element_type=\"widget\" data-widget_type=\"image.default\">\n\t\t\t\t<div class=\"elementor-widget-container\">\n\t\t\t<style>\/*! elementor - v3.9.1 - 14-12-2022 *\/\n.elementor-widget-image{text-align:center}.elementor-widget-image a{display:inline-block}.elementor-widget-image a img[src$=\".svg\"]{width:48px}.elementor-widget-image img{vertical-align:middle;display:inline-block}<\/style>\t\t\t\t\t\t\t\t\t\t\t\t<img decoding=\"async\" width=\"1612\" height=\"596\" src=\"https:\/\/alpesetlac.ch\/wp-content\/uploads\/2023\/06\/AL-Banner-site-1-4.jpg\" class=\"attachment-full size-full wp-image-4994\" alt=\"\" loading=\"lazy\" srcset=\"https:\/\/alpesetlac.ch\/wp-content\/uploads\/2023\/06\/AL-Banner-site-1-4.jpg 1612w, https:\/\/alpesetlac.ch\/wp-content\/uploads\/2023\/06\/AL-Banner-site-1-4-300x111.jpg 300w, https:\/\/alpesetlac.ch\/wp-content\/uploads\/2023\/06\/AL-Banner-site-1-4-1024x379.jpg 1024w, https:\/\/alpesetlac.ch\/wp-content\/uploads\/2023\/06\/AL-Banner-site-1-4-768x284.jpg 768w, https:\/\/alpesetlac.ch\/wp-content\/uploads\/2023\/06\/AL-Banner-site-1-4-1536x568.jpg 1536w\" sizes=\"(max-width: 1612px) 100vw, 1612px\" \/>\t\t\t\t\t\t\t\t\t\t\t\t\t\t\t<\/div>\n\t\t\t\t<\/div>\n\t\t\t\t\t<\/div>\n\t\t<\/div>\n\t\t\t\t\t\t\t<\/div>\n\t\t<\/section>\n\t\t\t\t<section class=\"elementor-section elementor-top-section elementor-element elementor-element-9eb0c3d section-padding-top elementor-section-boxed elementor-section-height-default elementor-section-height-default\" data-id=\"9eb0c3d\" data-element_type=\"section\">\n\t\t\t\t\t\t<div class=\"elementor-container elementor-column-gap-default\">\n\t\t\t\t\t<div class=\"elementor-column elementor-col-100 elementor-top-column elementor-element elementor-element-3d0ddbf\" data-id=\"3d0ddbf\" data-element_type=\"column\">\n\t\t\t<div class=\"elementor-widget-wrap\">\n\t\t\t\t\t\t\t\t\t<\/div>\n\t\t<\/div>\n\t\t\t\t\t\t\t<\/div>\n\t\t<\/section>\n\t\t\t\t<section class=\"elementor-section elementor-top-section elementor-element elementor-element-4350f81 elementor-section-boxed elementor-section-height-default elementor-section-height-default\" data-id=\"4350f81\" data-element_type=\"section\">\n\t\t\t\t\t\t<div class=\"elementor-container elementor-column-gap-default\">\n\t\t\t\t\t<div class=\"elementor-column elementor-col-100 elementor-top-column elementor-element elementor-element-efbdc97\" data-id=\"efbdc97\" data-element_type=\"column\">\n\t\t\t<div class=\"elementor-widget-wrap elementor-element-populated\">\n\t\t\t\t\t\t\t\t<div class=\"elementor-element elementor-element-bc7461f section-subtitle elementor-widget elementor-widget-heading\" data-id=\"bc7461f\" data-element_type=\"widget\" data-widget_type=\"heading.default\">\n\t\t\t\t<div class=\"elementor-widget-container\">\n\t\t\t<style>\/*! elementor - v3.9.1 - 14-12-2022 *\/\n.elementor-heading-title{padding:0;margin:0;line-height:1}.elementor-widget-heading .elementor-heading-title[class*=elementor-size-]>a{color:inherit;font-size:inherit;line-height:inherit}.elementor-widget-heading .elementor-heading-title.elementor-size-small{font-size:15px}.elementor-widget-heading .elementor-heading-title.elementor-size-medium{font-size:19px}.elementor-widget-heading .elementor-heading-title.elementor-size-large{font-size:29px}.elementor-widget-heading .elementor-heading-title.elementor-size-xl{font-size:39px}.elementor-widget-heading .elementor-heading-title.elementor-size-xxl{font-size:59px}<\/style><h2 class=\"elementor-heading-title elementor-size-default\">Entspannung &amp; Flucht<\/h2>\t\t<\/div>\n\t\t\t\t<\/div>\n\t\t\t\t<div class=\"elementor-element elementor-element-825fd40 elementor-widget elementor-widget-heading\" data-id=\"825fd40\" data-element_type=\"widget\" data-widget_type=\"heading.default\">\n\t\t\t\t<div class=\"elementor-widget-container\">\n\t\t\t<h2 class=\"elementor-heading-title elementor-size-default\">Winteraktivit\u00e4ten<\/h2>\t\t<\/div>\n\t\t\t\t<\/div>\n\t\t\t\t<div class=\"elementor-element elementor-element-1560d49 elementor-widget elementor-widget-text-editor\" data-id=\"1560d49\" data-element_type=\"widget\" data-widget_type=\"text-editor.default\">\n\t\t\t\t<div class=\"elementor-widget-container\">\n\t\t\t<style>\/*! elementor - v3.9.1 - 14-12-2022 *\/\n.elementor-widget-text-editor.elementor-drop-cap-view-stacked .elementor-drop-cap{background-color:#818a91;color:#fff}.elementor-widget-text-editor.elementor-drop-cap-view-framed .elementor-drop-cap{color:#818a91;border:3px solid;background-color:transparent}.elementor-widget-text-editor:not(.elementor-drop-cap-view-default) .elementor-drop-cap{margin-top:8px}.elementor-widget-text-editor:not(.elementor-drop-cap-view-default) .elementor-drop-cap-letter{width:1em;height:1em}.elementor-widget-text-editor .elementor-drop-cap{float:left;text-align:center;line-height:1;font-size:50px}.elementor-widget-text-editor .elementor-drop-cap-letter{display:inline-block}<\/style>\t\t\t\t<p>Gehen Sie diesen Winter auf Entdeckungsreise im Kanton Neuch\u00e2tel.<br \/>Hier finden Sie einige Ideen f\u00fcr Aktivit\u00e4ten, die Sie als Paar, mit der Familie oder mit Freunden w\u00e4hrend Ihres Aufenthalts in unserer sch\u00f6nen Region unternehmen k\u00f6nnen.<\/p>\n<p>Mit der Neuch\u00e2tel Tourist Card fahren Sie im gesamten Kanton kostenlos mit \u00f6ffentlichen Verkehrsmitteln. Sie haben auch freien Eintritt in 28 Museen und profitieren von vielen anderen Aktivit\u00e4ten: Angebot <a href=\"https:\/\/www.alpesetlac.ch\/neuchatel-tourist-card\/\"><u>ansehen!<\/u><\/a><\/p>\n<p>Haben Sie noch Fragen? Unser Team steht Ihnen gerne zur Verf\u00fcgung, um Ihren Aufenthalt so reibungslos wie m\u00f6glich zu gestalten!<\/p>\n\t\t\t\t\t\t<\/div>\n\t\t\t\t<\/div>\n\t\t\t\t\t<\/div>\n\t\t<\/div>\n\t\t\t\t\t\t\t<\/div>\n\t\t<\/section>\n\t\t\t\t<section class=\"elementor-section elementor-top-section elementor-element elementor-element-7445e3f elementor-section-boxed elementor-section-height-default elementor-section-height-default\" data-id=\"7445e3f\" data-element_type=\"section\">\n\t\t\t\t\t\t<div class=\"elementor-container elementor-column-gap-default\">\n\t\t\t\t\t<div class=\"elementor-column elementor-col-100 elementor-top-column elementor-element elementor-element-9b64659\" data-id=\"9b64659\" data-element_type=\"column\">\n\t\t\t<div class=\"elementor-widget-wrap elementor-element-populated\">\n\t\t\t\t\t\t\t\t<div class=\"elementor-element elementor-element-5b4018c elementor-widget elementor-widget-shortcode\" data-id=\"5b4018c\" data-element_type=\"widget\" data-widget_type=\"shortcode.default\">\n\t\t\t\t<div class=\"elementor-widget-container\">\n\t\t\t\t\t<div class=\"elementor-shortcode\"><div class=\"query query-activit\u00e9s_hivernales-wrapper row\">\n\t<div class=\"query-wrapper-content\">\n\t\t\n\t\t\n\t\t<div class=\"query-content\">\n\t\t\t<div class=\"query-unformatted query-activit\u00e9s_hivernales\">\n\t\n\t\t<div class=\"query-row query-row-even query-row-0 query-row-first\">\n\t\t\t\n\t\t\t\t\t\t\t\t\t\t\t\t\t\t\t<div class=\"query-field query-field-featured_image\">\n\t\t\t\t\t\t\t<a class=\"query-field-link\" href=\"https:\/\/alpesetlac.ch\/de\/skifahren-schneeschuhwandern-und-wandern\/\"><img width=\"750\" height=\"500\" src=\"https:\/\/alpesetlac.ch\/wp-content\/uploads\/2023\/06\/Raquettes_750x500.png\" class=\"attachment-large size-large\" alt=\"\" decoding=\"async\" loading=\"lazy\" srcset=\"https:\/\/alpesetlac.ch\/wp-content\/uploads\/2023\/06\/Raquettes_750x500.png 750w, https:\/\/alpesetlac.ch\/wp-content\/uploads\/2023\/06\/Raquettes_750x500-300x200.png 300w\" sizes=\"(max-width: 750px) 100vw, 750px\" \/><\/a>\t\t\t\t\t\t<\/div>\n\t\t\t\t\t\t\t\t\t\t\t\t\t\t\t\t\t\t\t\t<div class=\"query-field query-field-post_title\">\n\t\t\t\t\t\t\t<a class=\"query-field-link\" href=\"https:\/\/alpesetlac.ch\/de\/skifahren-schneeschuhwandern-und-wandern\/\">Skifahren, Schneeschuhwandern und Wandern<\/a>\t\t\t\t\t\t<\/div>\n\t\t\t\t\t\t\t\t\t\n\t\t\t\t\t<\/div>\n\n\t\n\t\t<div class=\"query-row query-row-odd query-row-1\">\n\t\t\t\n\t\t\t\t\t\t\t\t\t\t\t\t\t\t\t<div class=\"query-field query-field-featured_image\">\n\t\t\t\t\t\t\t<a class=\"query-field-link\" href=\"https:\/\/alpesetlac.ch\/de\/familienspass-im-freien\/\"><img width=\"750\" height=\"500\" src=\"https:\/\/alpesetlac.ch\/wp-content\/uploads\/2023\/06\/Fun_hiver_750x500.png\" class=\"attachment-large size-large\" alt=\"\" decoding=\"async\" loading=\"lazy\" srcset=\"https:\/\/alpesetlac.ch\/wp-content\/uploads\/2023\/06\/Fun_hiver_750x500.png 750w, https:\/\/alpesetlac.ch\/wp-content\/uploads\/2023\/06\/Fun_hiver_750x500-300x200.png 300w\" sizes=\"(max-width: 750px) 100vw, 750px\" \/><\/a>\t\t\t\t\t\t<\/div>\n\t\t\t\t\t\t\t\t\t\t\t\t\t\t\t\t\t\t\t\t<div class=\"query-field query-field-post_title\">\n\t\t\t\t\t\t\t<a class=\"query-field-link\" href=\"https:\/\/alpesetlac.ch\/de\/familienspass-im-freien\/\">Familienspa\u00df im Freien<\/a>\t\t\t\t\t\t<\/div>\n\t\t\t\t\t\t\t\t\t\n\t\t\t\t\t<\/div>\n\n\t\n\t\t<div class=\"query-row query-row-even query-row-2\">\n\t\t\t\n\t\t\t\t\t\t\t\t\t\t\t\t\t\t\t<div class=\"query-field query-field-featured_image\">\n\t\t\t\t\t\t\t<a class=\"query-field-link\" href=\"https:\/\/alpesetlac.ch\/de\/familienaktivitaeten-bei-schlechtem-wetter\/\"><img width=\"750\" height=\"500\" src=\"https:\/\/alpesetlac.ch\/wp-content\/uploads\/2023\/06\/Patinoire_750x500.png\" class=\"attachment-large size-large\" alt=\"\" decoding=\"async\" loading=\"lazy\" srcset=\"https:\/\/alpesetlac.ch\/wp-content\/uploads\/2023\/06\/Patinoire_750x500.png 750w, https:\/\/alpesetlac.ch\/wp-content\/uploads\/2023\/06\/Patinoire_750x500-300x200.png 300w\" sizes=\"(max-width: 750px) 100vw, 750px\" \/><\/a>\t\t\t\t\t\t<\/div>\n\t\t\t\t\t\t\t\t\t\t\t\t\t\t\t\t\t\t\t\t<div class=\"query-field query-field-post_title\">\n\t\t\t\t\t\t\t<a class=\"query-field-link\" href=\"https:\/\/alpesetlac.ch\/de\/familienaktivitaeten-bei-schlechtem-wetter\/\">Familienaktivit\u00e4ten bei schlechtem Wetter<\/a>\t\t\t\t\t\t<\/div>\n\t\t\t\t\t\t\t\t\t\n\t\t\t\t\t<\/div>\n\n\t\n\t\t<div class=\"query-row query-row-odd query-row-3 query-row-last\">\n\t\t\t\n\t\t\t\t\t\t\t\t\t\t\t\t\t\t\t<div class=\"query-field query-field-featured_image\">\n\t\t\t\t\t\t\t<a class=\"query-field-link\" href=\"https:\/\/alpesetlac.ch\/de\/kulturelle-aktivitaeten\/\"><img width=\"750\" height=\"500\" src=\"https:\/\/alpesetlac.ch\/wp-content\/uploads\/2023\/06\/Culture_750x500.png\" class=\"attachment-large size-large\" alt=\"\" decoding=\"async\" loading=\"lazy\" srcset=\"https:\/\/alpesetlac.ch\/wp-content\/uploads\/2023\/06\/Culture_750x500.png 750w, https:\/\/alpesetlac.ch\/wp-content\/uploads\/2023\/06\/Culture_750x500-300x200.png 300w\" sizes=\"(max-width: 750px) 100vw, 750px\" \/><\/a>\t\t\t\t\t\t<\/div>\n\t\t\t\t\t\t\t\t\t\t\t\t\t\t\t\t\t\t\t\t<div class=\"query-field query-field-post_title\">\n\t\t\t\t\t\t\t<a class=\"query-field-link\" href=\"https:\/\/alpesetlac.ch\/de\/kulturelle-aktivitaeten\/\">Kulturelle Aktivit\u00e4ten<\/a>\t\t\t\t\t\t<\/div>\n\t\t\t\t\t\t\t\t\t\n\t\t\t\t\t<\/div>\n\n\t<\/div>\t\t\t\t\t<\/div>\n\n\t\t\t<\/div>\n<\/div><\/div>\n\t\t\t\t<\/div>\n\t\t\t\t<\/div>\n\t\t\t\t\t<\/div>\n\t\t<\/div>\n\t\t\t\t\t\t\t<\/div>\n\t\t<\/section>\n\t\t\t\t<section class=\"elementor-section elementor-top-section elementor-element elementor-element-5da79e66 elementor-section-full_width elementor-section-height-default elementor-section-height-default\" data-id=\"5da79e66\" data-element_type=\"section\">\n\t\t\t\t\t\t<div class=\"elementor-container elementor-column-gap-default\">\n\t\t\t\t\t<div class=\"elementor-column elementor-col-100 elementor-top-column elementor-element elementor-element-1a36f899\" data-id=\"1a36f899\" data-element_type=\"column\">\n\t\t\t<div class=\"elementor-widget-wrap elementor-element-populated\">\n\t\t\t\t\t\t\t\t<div class=\"elementor-element elementor-element-2dd03223 elementor-align-center elementor-widget elementor-widget-home-video\" data-id=\"2dd03223\" data-element_type=\"widget\" data-widget_type=\"home-video.default\">\n\t\t\t\t<div class=\"elementor-widget-container\">\n\t\t\t\r\n\t\t\t\t<section class=\"video-wrapper video section-padding bg-img bg-fixed\" data-overlay-dark=\"3\" data-background=\"https:\/\/alpesetlac.ch\/wp-content\/uploads\/2023\/06\/AL-Banner-site-1-5.jpg\">\r\n\t\t\t\t\t<h2 style=\"display: none!important;\">The Cappa<\/h2>\r\n\t\t\t<div class=\"container\">\r\n\t\t\t\t<div class=\"row\">\r\n\t\t\t\t\t<div class=\"col-md-8 offset-md-2 text-center\">\r\n\t\t\t\t\t\t<span><i class=\"star-rating\"><\/i><i class=\"star-rating\"><\/i><i class=\"star-rating\"><\/i><i class=\"star-rating\"><\/i><i class=\"star-rating\"><\/i><\/span>\r\n\t\t\t\t\t\t\t\t\t\t\t\t<div class=\"section-subtitle\"><span>It is Sub Heading<\/span><\/div>\r\n\t\t\t\t\t\t\t\t\t\t\t\t\t\t\t\t\t\t<div class=\"section-title\"><span>It is Heading<\/span><\/div>\r\n\t\t\t\t\t\t\t\t\t\t\t<\/div>\r\n\t\t\t\t<\/div>\r\n\t\t\t\t<div class=\"row\">\r\n\t\t\t\t\t\t\t\t\t\t\t<div class=\"text-center col-md-12\">\r\n\t\t\t\t\t\t\t<a class=\"vid\" href=\"It is Video Link\">\r\n\t\t\t\t\t\t\t\t<div class=\"vid-butn\">\r\n\t\t\t\t\t\t\t\t\t<span class=\"icon\">\r\n\t\t\t\t\t\t\t\t\t\t<i class=\"ti-control-play\"><\/i>\r\n\t\t\t\t\t\t\t\t\t<\/span>\r\n\t\t\t\t\t\t\t\t<\/div>\r\n\t\t\t\t\t\t\t<\/a>\r\n\t\t\t\t\t\t<\/div>\r\n\t\t\t\t\t\t\t\t\t<\/div>\r\n\t\t\t<\/div>\r\n\t\t<\/section>\r\n\r\n\t\t\t<\/div>\n\t\t\t\t<\/div>\n\t\t\t\t\t<\/div>\n\t\t<\/div>\n\t\t\t\t\t\t\t<\/div>\n\t\t<\/section>\n\t\t\t\t<section class=\"elementor-section elementor-top-section elementor-element elementor-element-3146c718 elementor-section-full_width elementor-section-height-default elementor-section-height-default\" data-id=\"3146c718\" data-element_type=\"section\">\n\t\t\t\t\t\t<div class=\"elementor-container elementor-column-gap-no\">\n\t\t\t\t\t<div class=\"elementor-column elementor-col-100 elementor-top-column elementor-element elementor-element-6f1a767e\" data-id=\"6f1a767e\" data-element_type=\"column\">\n\t\t\t<div class=\"elementor-widget-wrap elementor-element-populated\">\n\t\t\t\t\t\t\t\t<div class=\"elementor-element elementor-element-6d8ffaf5 elementor-align-left elementor-widget elementor-widget-home-client\" data-id=\"6d8ffaf5\" data-element_type=\"widget\" data-widget_type=\"home-client.default\">\n\t\t\t\t<div class=\"elementor-widget-container\">\n\t\t\t\r\n\t\t<section class=\"clients\">\r\n\t\t\t<h2 style=\"display: none!important;\">The Cappa<\/h2>\r\n\t\t\t<div class=\"container\">\r\n\t\t\t\t<div class=\"row\">\r\n\t\t\t\t\t<div class=\"col-md-7\">\r\n\t\t\t\t\t\t<br>\r\n\t\t\t\t\t\t\t\t\t\t\t<div class=\"section-title\">Unsere Einrichtungen in Neuch\u00e2tel<\/div>\r\n\t\t\t\t\t\t\t\t\t\t\t<\/div>\r\n\t\t\t\t\t<!-- owl-carousel owl-theme -->\r\n\t\t\t\t\t<div class=\"col-md-7 \">\r\n\t\t\t\t\t\t<div class=\"row\">\r\n\t\t\t\t\t\t\t\t\t\t\t\t\t<div class=\"clients-logo col-md-4\">\r\n\t\t\t\t\t\t\t\t<a href=\"#0\"><img decoding=\"async\" src=\"\" alt=\"\"><\/a>\r\n\t\t\t\t\t\t\t<\/div>\r\n\t\t\t\t\t\t\t\t\t\t\t<\/div>\r\n\t\t\t\t<\/div>\r\n\t\t\t\t<\/div>\r\n\t\t\t<\/div>\r\n\t\t<\/section>\r\n\r\n\t\t\t<\/div>\n\t\t\t\t<\/div>\n\t\t\t\t\t<\/div>\n\t\t<\/div>\n\t\t\t\t\t\t\t<\/div>\n\t\t<\/section>\n\t\t\t\t<section class=\"elementor-section elementor-top-section elementor-element elementor-element-106ed4e1 elementor-section-boxed elementor-section-height-default elementor-section-height-default\" data-id=\"106ed4e1\" data-element_type=\"section\">\n\t\t\t\t\t\t<div class=\"elementor-container elementor-column-gap-default\">\n\t\t\t\t\t<div class=\"elementor-column elementor-col-20 elementor-top-column elementor-element elementor-element-714570bc\" data-id=\"714570bc\" data-element_type=\"column\">\n\t\t\t<div class=\"elementor-widget-wrap elementor-element-populated\">\n\t\t\t\t\t\t\t\t<div class=\"elementor-element elementor-element-7f3c18e1 elementor-widget elementor-widget-image\" data-id=\"7f3c18e1\" data-element_type=\"widget\" data-widget_type=\"image.default\">\n\t\t\t\t<div class=\"elementor-widget-container\">\n\t\t\t\t\t\t\t\t\t\t\t\t\t\t\t<img decoding=\"async\" width=\"400\" height=\"250\" src=\"https:\/\/alpesetlac.ch\/wp-content\/uploads\/2023\/06\/Logo_Arts.png\" class=\"attachment-large size-large wp-image-5649\" alt=\"\" loading=\"lazy\" srcset=\"https:\/\/alpesetlac.ch\/wp-content\/uploads\/2023\/06\/Logo_Arts.png 400w, https:\/\/alpesetlac.ch\/wp-content\/uploads\/2023\/06\/Logo_Arts-300x188.png 300w\" sizes=\"(max-width: 400px) 100vw, 400px\" \/>\t\t\t\t\t\t\t\t\t\t\t\t\t\t\t<\/div>\n\t\t\t\t<\/div>\n\t\t\t\t\t<\/div>\n\t\t<\/div>\n\t\t\t\t<div class=\"elementor-column elementor-col-20 elementor-top-column elementor-element elementor-element-6dfd72c1\" data-id=\"6dfd72c1\" data-element_type=\"column\">\n\t\t\t<div class=\"elementor-widget-wrap elementor-element-populated\">\n\t\t\t\t\t\t\t\t<div class=\"elementor-element elementor-element-379c0e5d elementor-widget elementor-widget-image\" data-id=\"379c0e5d\" data-element_type=\"widget\" data-widget_type=\"image.default\">\n\t\t\t\t<div class=\"elementor-widget-container\">\n\t\t\t\t\t\t\t\t\t\t\t\t\t\t\t<img decoding=\"async\" width=\"400\" height=\"250\" src=\"https:\/\/alpesetlac.ch\/wp-content\/uploads\/2025\/03\/ArnoldCo_site_ref.jpg\" class=\"attachment-large size-large wp-image-7782\" alt=\"\" loading=\"lazy\" srcset=\"https:\/\/alpesetlac.ch\/wp-content\/uploads\/2025\/03\/ArnoldCo_site_ref.jpg 400w, https:\/\/alpesetlac.ch\/wp-content\/uploads\/2025\/03\/ArnoldCo_site_ref-300x188.jpg 300w\" sizes=\"(max-width: 400px) 100vw, 400px\" \/>\t\t\t\t\t\t\t\t\t\t\t\t\t\t\t<\/div>\n\t\t\t\t<\/div>\n\t\t\t\t\t<\/div>\n\t\t<\/div>\n\t\t\t\t<div class=\"elementor-column elementor-col-20 elementor-top-column elementor-element elementor-element-2e39a9b9\" data-id=\"2e39a9b9\" data-element_type=\"column\">\n\t\t\t<div class=\"elementor-widget-wrap elementor-element-populated\">\n\t\t\t\t\t\t\t\t<div class=\"elementor-element elementor-element-62b10ae6 elementor-widget elementor-widget-image\" data-id=\"62b10ae6\" data-element_type=\"widget\" data-widget_type=\"image.default\">\n\t\t\t\t<div class=\"elementor-widget-container\">\n\t\t\t\t\t\t\t\t\t\t\t\t\t\t\t<img decoding=\"async\" width=\"400\" height=\"250\" src=\"https:\/\/alpesetlac.ch\/wp-content\/uploads\/2023\/06\/Logo_LaTerrasse.png\" class=\"attachment-large size-large wp-image-5655\" alt=\"\" loading=\"lazy\" srcset=\"https:\/\/alpesetlac.ch\/wp-content\/uploads\/2023\/06\/Logo_LaTerrasse.png 400w, https:\/\/alpesetlac.ch\/wp-content\/uploads\/2023\/06\/Logo_LaTerrasse-300x188.png 300w\" sizes=\"(max-width: 400px) 100vw, 400px\" \/>\t\t\t\t\t\t\t\t\t\t\t\t\t\t\t<\/div>\n\t\t\t\t<\/div>\n\t\t\t\t\t<\/div>\n\t\t<\/div>\n\t\t\t\t<div class=\"elementor-column elementor-col-20 elementor-top-column elementor-element elementor-element-4a0cf6f4\" data-id=\"4a0cf6f4\" data-element_type=\"column\">\n\t\t\t<div class=\"elementor-widget-wrap elementor-element-populated\">\n\t\t\t\t\t\t\t\t<div class=\"elementor-element elementor-element-d5313c5 elementor-widget elementor-widget-image\" data-id=\"d5313c5\" data-element_type=\"widget\" data-widget_type=\"image.default\">\n\t\t\t\t<div class=\"elementor-widget-container\">\n\t\t\t\t\t\t\t\t\t\t\t\t\t\t\t<img decoding=\"async\" width=\"400\" height=\"250\" src=\"https:\/\/alpesetlac.ch\/wp-content\/uploads\/2023\/06\/Logo_BArt.png\" class=\"attachment-large size-large wp-image-5652\" alt=\"\" loading=\"lazy\" srcset=\"https:\/\/alpesetlac.ch\/wp-content\/uploads\/2023\/06\/Logo_BArt.png 400w, https:\/\/alpesetlac.ch\/wp-content\/uploads\/2023\/06\/Logo_BArt-300x188.png 300w\" sizes=\"(max-width: 400px) 100vw, 400px\" \/>\t\t\t\t\t\t\t\t\t\t\t\t\t\t\t<\/div>\n\t\t\t\t<\/div>\n\t\t\t\t\t<\/div>\n\t\t<\/div>\n\t\t\t\t<div class=\"elementor-column elementor-col-20 elementor-top-column elementor-element elementor-element-7ae33761\" data-id=\"7ae33761\" data-element_type=\"column\">\n\t\t\t<div class=\"elementor-widget-wrap elementor-element-populated\">\n\t\t\t\t\t\t\t\t<div class=\"elementor-element elementor-element-de97df7 elementor-widget elementor-widget-image\" data-id=\"de97df7\" data-element_type=\"widget\" data-widget_type=\"image.default\">\n\t\t\t\t<div class=\"elementor-widget-container\">\n\t\t\t\t\t\t\t\t\t\t\t\t\t\t\t<img decoding=\"async\" width=\"400\" height=\"250\" src=\"https:\/\/alpesetlac.ch\/wp-content\/uploads\/2025\/03\/Logo_Swisstainable_site_v2.png\" class=\"attachment-large size-large wp-image-7857\" alt=\"\" loading=\"lazy\" srcset=\"https:\/\/alpesetlac.ch\/wp-content\/uploads\/2025\/03\/Logo_Swisstainable_site_v2.png 400w, https:\/\/alpesetlac.ch\/wp-content\/uploads\/2025\/03\/Logo_Swisstainable_site_v2-300x188.png 300w\" sizes=\"(max-width: 400px) 100vw, 400px\" \/>\t\t\t\t\t\t\t\t\t\t\t\t\t\t\t<\/div>\n\t\t\t\t<\/div>\n\t\t\t\t\t<\/div>\n\t\t<\/div>\n\t\t\t\t\t\t\t<\/div>\n\t\t<\/section>\n\t\t\t\t\t\t\t<\/div>\n\t\t","protected":false},"excerpt":{"rendered":"<p>Entspannung &amp; Flucht Winteraktivit\u00e4ten Gehen Sie diesen Winter auf Entdeckungsreise im Kanton Neuch\u00e2tel.Hier finden Sie einige Ideen f\u00fcr Aktivit\u00e4ten, die Sie als Paar, mit der Familie oder mit Freunden w\u00e4hrend Ihres Aufenthalts in unserer sch\u00f6nen Region unternehmen k\u00f6nnen. Mit der Neuch\u00e2tel Tourist Card fahren Sie im gesamten Kanton kostenlos mit \u00f6ffentlichen Verkehrsmitteln. Sie haben auch [&hellip;]<\/p>\n","protected":false},"author":2,"featured_media":0,"parent":0,"menu_order":0,"comment_status":"closed","ping_status":"closed","template":"page-templates\/home.php","meta":[],"acf":[],"_links":{"self":[{"href":"https:\/\/alpesetlac.ch\/de\/wp-json\/wp\/v2\/pages\/5421"}],"collection":[{"href":"https:\/\/alpesetlac.ch\/de\/wp-json\/wp\/v2\/pages"}],"about":[{"href":"https:\/\/alpesetlac.ch\/de\/wp-json\/wp\/v2\/types\/page"}],"author":[{"embeddable":true,"href":"https:\/\/alpesetlac.ch\/de\/wp-json\/wp\/v2\/users\/2"}],"replies":[{"embeddable":true,"href":"https:\/\/alpesetlac.ch\/de\/wp-json\/wp\/v2\/comments?post=5421"}],"version-history":[{"count":21,"href":"https:\/\/alpesetlac.ch\/de\/wp-json\/wp\/v2\/pages\/5421\/revisions"}],"predecessor-version":[{"id":7922,"href":"https:\/\/alpesetlac.ch\/de\/wp-json\/wp\/v2\/pages\/5421\/revisions\/7922"}],"wp:attachment":[{"href":"https:\/\/alpesetlac.ch\/de\/wp-json\/wp\/v2\/media?parent=5421"}],"curies":[{"name":"wp","href":"https:\/\/api.w.org\/{rel}","templated":true}]}}